{"id":825081,"date":"2020-08-09T12:48:26","date_gmt":"2020-08-09T10:48:26","guid":{"rendered":"https:\/\/mololongovillas.com\/cookies-und-datenschutzbestimmungen\/"},"modified":"2024-02-01T09:04:09","modified_gmt":"2024-02-01T08:04:09","slug":"cookies-und-datenschutzbestimmungen","status":"publish","type":"page","link":"https:\/\/mololongo.com\/villas\/de\/cookies-und-datenschutzbestimmungen\/","title":{"rendered":"Cookie-Richtlinie und Datenschutzbestimmungen"},"content":{"rendered":"<p style=\"text-align: justify;\">Die Virtus upravljanje d.o.o. verpflichtet sich, als Reiseb\u00fcro unter dem Brand Molo Longo (im Weiteren: Molo Longo), die Anonymit\u00e4t und Privatsph\u00e4re der Nutzer ihrer Webseite zu wahren. Die Molo Longo erhebt von ihren Kunden nur solche Daten, die f\u00fcr unseren Gesch\u00e4ftsbetrieb und die Erf\u00fcllung unserer Pflichten erforderlich sind und sch\u00fctzt sie dabei vor jeder unbefugten oder rechtswidrigen Verarbeitung. Wir informieren unsere Kunden \u00fcber den Zweck und die Art und Weise der Erhebung dieser Daten und stellen ihnen jederzeit frei, ob sie ihre Daten auch f\u00fcr Werbezwecke zur Verf\u00fcgung stellen oder deren L\u00f6schung w\u00fcnschen. Zu diesem Zwecke wendet die Molo Longo in ihrem Gesch\u00e4ftsbetrieb die Datenschutz-Grundverordnung sowie das Gesetz \u00fcber die Umsetzung der Datenschutz-Grundverordnung an.<\/p>\n<p style=\"text-align: justify;\">Datenverarbeitung<\/p>\n<p style=\"text-align: justify;\">Die Verarbeitung der Daten unserer Kunden gr\u00fcndet auf unserem berechtigten Interesse, unseren Kunden verbesserte Dienstleistungen anzubieten und eine zufriedenstellende Produktivit\u00e4t in Zusammenarbeit mit unseren Kunden zu erzielen. Wir k\u00f6nnen Daten von Ihnen anfordern, wenn Sie im Wege unserer Webseite eine Unterkunft buchen, sich f\u00fcr den Newsletter anmelden, einen Fragebogen ausf\u00fcllen oder in anderen \u00e4hnlichen F\u00e4llen, wenn wir Ihre Daten f\u00fcr die Erf\u00fcllung des Zwecks ihrer Erhebung und Verarbeitung ben\u00f6tigen. In diesen F\u00e4llen k\u00f6nnen wir Sie um Mitteilung Ihres Namen, Ihrer Telefonnummer, Ihrer E-Mail Adresse sowie um Zahlungsdetails bitten.<br \/>\nDie personenbezogenen und sonstigen Daten, welche Molo Longo bei Ihren Kunden erhebt, werden in einer sicheren und gesch\u00fctzten Datenbank gespeichert und sind f\u00fcr dritte Personen unzug\u00e4nglich.<br \/>\nIhre Rechte in Bezug auf die Verarbeitung von personenbezogenen Daten<br \/>\n\u2013 Einwilligungsrecht und Recht Widerruf der Einwilligung \u2013 gr\u00fcndet die Datenverarbeitung auf ihrer Einwilligung, sind Sie jederzeit dazu berechtigt, diese zu widerrufen, indem Sie eine entsprechende schriftliche Widerrufserkl\u00e4rung an die Postanschrift der Agentur (Trpimirova 1A, 51 000 Rijeka) an die E-Mail Adresse:- senden.:<br \/>\nvillas@mololongo.com<br \/>\n\u2013 Auskunftsrecht \u2013 Recht auf Informationen dar\u00fcber, ob Ihre personenbezogenen Daten verarbeitet werden, \u00fcber die Art und Weise der Verarbeitung, ihrem Speicherort u.\u00e4.<br \/>\n\u2013 Recht auf L\u00f6schung \u2013 wenn die Ihre Anmeldung zur\u00fcckgezogen haben oder Ihre Daten f\u00fcr den Zweck, zu welchem sie erhoben wurden, nicht mehr erforderlich sind.<\/p>\n<p style=\"text-align: justify;\">Cookies und ihr Zweck<\/p>\n<p style=\"text-align: justify;\">Diese Webseite verwendet Cookies und \u00e4hnliche Technologien, um sicherzustellen, dass wir Ihnen bestm\u00f6gliche Dienstleistungen bieten. Cookies sind Informationen, welche von der ihrerseits besuchten Webseite auf ihrem Rechner hinterlegt werden. Cookies speichern normalerweise Ihre Einstellungen f\u00fcr eine Webseite, wie z. B. Ihre bevorzugte Sprache f\u00fcr die Benutzeroberfl\u00e4che u. \u00c4. Indem Sie auf &#8220;Zustimmen&#8221; klicken, stimmen Sie der Verarbeitung Ihrer Daten zu. Die Cookies k\u00f6nnen dazu verwendet werden, ein benutzerfreundliches Erlebnis auf unserer Webseite zu optimieren oder um Ihre Sucheinstellungen zu speichern. Cookies helfen uns auch dabei, das Buchungsverfahren zu vereinfachen und die Webseite Ihren Bed\u00fcrfnissen anzupassen.<\/p>\n<p style=\"text-align: justify;\">Cookies ablehnen<\/p>\n<p style=\"text-align: justify;\">In Ihren Browsereinstellungen k\u00f6nnen Sie einstellen, ob Sie das Speichern der Cookies auf Ihrem Rechner zulassen wollen oder nicht. Wenn Sie die Cookies deaktivieren, dann werden Sie einige Funktionen dieser Webseite nicht nutzen k\u00f6nnen. Sollten Sie die Cookies in Ihrem Browser nicht deaktiviert haben, werden sie von unserer Webseite automatisch herunterladen. Die Art und Weise, wie man Cookies deaktiviert und die Einwilligung f\u00fcr Ihre Nutzung widerruft, h\u00e4ngen von dem jeweiligen Browser ab.<\/p>\n<p style=\"text-align: justify;\">Arten von Cookies<\/p>\n<ol style=\"text-align: justify;\">\n<li>&#8211; tempor\u00e4re (erforderliche) Cookies \u2013 diese Cookies (engl. Session cookies) werden nach Beendigung der Internetsitzung automatisch von ihrem Rechner gel\u00f6scht. Mithilfe dieser Cookies werden vor\u00fcbergehende Daten, wie beispielsweise die Identifikation des angemeldeten Nutzers gespeichert, die w\u00e4hrend der Dauer der Sitzung f\u00fcr die Reservierung von Unterk\u00fcnften aktiv sind u.\u00e4.<br \/>\n&#8211; ausf\u00fchrende Cookies \u2013 diese Cookies dienen dem Anbieter von Dienstleistungen bei der Verfolgung und Analyse des Nutzerverhaltens auf unserer Webseite. Molo Longo verwendet diese Cookies, um Statistiken \u00fcber die Anzahl der Besucher der Webseite, die Art ihrer Verwendung, die Beobachtung der Aktivit\u00e4ten \u00fcber den Newsletter u. \u00c4. zu erstellen. Sie tragen zur Verwirklichung der Performance bei, die die Webseite erzielen m\u00f6chte, verbessern die Funktionalit\u00e4t der Webseite und erleichtern den Nutzern somit die Anwendung. Diese Cookies werden dauerhaft auf dem Rechner des Nutzers gespeichert und erst gel\u00f6scht, wenn sie ablaufen oder vors\u00e4tzlich von der Festplatte gel\u00f6scht werden.<br \/>\n&#8211; Funktionelle Cookies &#8211; werden verwendet, um Daten zu speichern, die sich aus den Gewohnheiten, Eigenschaften und der Art der Nutzung der Webseite durch den Nutzer wie Sprache, Ort, Nutzername u. \u00c4. ergeben. Mithilfe der Cookies passt die Agentur Molo Longo die Nutzung der Webseite jedem Nutzer an. Diese Cookies werden dauerhaft auf dem Rechner des Nutzers gespeichert und erst gel\u00f6scht, wenn sie ablaufen oder vors\u00e4tzlich von der Festplatte gel\u00f6scht werden.<br \/>\n&#8211; Werbe-Cookies \u2013 dienen dazu, Daten \u00fcber das allgemeine Nutzerverhalten im Internet (beim Surfen) zu erheben, welche Molo Longo zur Bereitstellung relevanter Angebote von Drittanbietern und f\u00fcr die Erf\u00fcllung der Vertragspflichten gegen\u00fcber Dritten verwenden kann (sollte z.B. ein Mietwagen \u00fcber die Webseite von Molo Longo gemietet werden, dienen sie der Erf\u00fcllung ihrer Pflichten gegen\u00fcber dem Mietwagenanbieter).<\/li>\n<\/ol>\n<p style=\"text-align: justify;\">Google Analytics<\/p>\n<p style=\"text-align: justify;\">Google Analytics ist eine Analysesoftware des Unternehmens Google Inc., welche f\u00fcr die Nachverfolgung und Analyse des Verhaltens auf der Webseite verwendet wird. Um diese Funktionen zu erf\u00fcllen zu k\u00f6nnen, verwendet Google Analytics Cookies, die bei Ihrem Besuch auf unserer Webseite erhoben werden. Google verwendet die auf diesem Wege erhobenen Daten ausschlie\u00dflich zur Analyse des Verhaltens auf unserer Webseite und sind diese Daten in jeder Hinsicht vor jeglichem Missbrauch und unzul\u00e4ssiger Weitergabe gesch\u00fctzt. M\u00f6chten Sie die Verwendung Ihrer Daten durch Google Analytics untersagen, k\u00f6nnen Sie dies indirekt durch das Blockieren und L\u00f6schen von Cookies auf unserer Webseite tun, oder aber direkt, indem die die Option Google Analytics im Wege eines gesonderten Cookies deaktivieren, der bei der Nutzung unserer Webseite erscheint.<\/p>\n<p style=\"text-align: justify;\">Webseiten von Drittanbietern<\/p>\n<p style=\"text-align: justify;\">Diese Webseite enth\u00e4lt Links zu Webseiten von Drittanbietern. Die Betreiber dieser Webseiten verarbeiten Besucherdaten selbstst\u00e4ndig und unabh\u00e4ngig von Molo Longo, in Einklang mit ihren Regeln zur Datenverarbeitung. Demnach ist Molo Longo nicht verantwortlich f\u00fcr die Erhebung und Nutzung von Daten auf diesen Webseiten.<\/p>\n<p style=\"text-align: justify;\">Kontakt<\/p>\n<p style=\"text-align: justify;\">F\u00fcr alle Fragen in Bezug auf den Schutz und die Verwendung Ihrer Daten k\u00f6nnen Sie sich per Mail an die Anschrift villas@mololongo.com oder per Post an die Adresse Trpimirova 1A, 51 000 Rijeka wenden.<\/p>\n","protected":false},"excerpt":{"rendered":"<p>Die Virtus upravljanje d.o.o. verpflichtet sich, als Reiseb\u00fcro unter dem Brand Molo Longo (im Weiteren: Molo Longo), die Anonymit\u00e4t und Privatsph\u00e4re der Nutzer ihrer Webseite zu wahren. Die Molo Longo erhebt von ihren Kunden nur solche Daten, die f\u00fcr unseren Gesch\u00e4ftsbetrieb und die Erf\u00fcllung unserer Pflichten erforderlich sind und sch\u00fctzt sie dabei vor jeder unbefugten [&hellip;]<\/p>\n","protected":false},"author":1,"featured_media":0,"parent":0,"menu_order":39,"comment_status":"closed","ping_status":"closed","template":"page-templates\/simplepage.php","meta":{"footnotes":""},"yoast_head":"<!-- This site is optimized with the Yoast SEO plugin v23.4 - https:\/\/yoast.com\/wordpress\/plugins\/seo\/ -->\n<title>Cookie-Richtlinie und Datenschutzbestimmungen - Molo Longo Villas &amp; Vacation Homes<\/title>\n<meta name=\"robots\" content=\"noindex, follow, max-snippet:-1, max-image-preview:large, max-video-preview:-1\" \/>\n<meta property=\"og:locale\" content=\"de_DE\" \/>\n<meta property=\"og:type\" content=\"article\" \/>\n<meta property=\"og:title\" content=\"Cookie-Richtlinie und Datenschutzbestimmungen - Molo Longo Villas &amp; Vacation Homes\" \/>\n<meta property=\"og:description\" content=\"Die Virtus upravljanje d.o.o. verpflichtet sich, als Reiseb\u00fcro unter dem Brand Molo Longo (im Weiteren: Molo Longo), die Anonymit\u00e4t und Privatsph\u00e4re der Nutzer ihrer Webseite zu wahren. Die Molo Longo erhebt von ihren Kunden nur solche Daten, die f\u00fcr unseren Gesch\u00e4ftsbetrieb und die Erf\u00fcllung unserer Pflichten erforderlich sind und sch\u00fctzt sie dabei vor jeder unbefugten [&hellip;]\" \/>\n<meta property=\"og:url\" content=\"https:\/\/mololongo.com\/villas\/pravila-privatnosti\/\" \/>\n<meta property=\"og:site_name\" content=\"Molo Longo Villas &amp; Vacation Homes\" \/>\n<meta property=\"article:modified_time\" content=\"2024-02-01T08:04:09+00:00\" \/>\n<meta name=\"twitter:card\" content=\"summary_large_image\" \/>\n<meta name=\"twitter:label1\" content=\"Est. reading time\" \/>\n\t<meta name=\"twitter:data1\" content=\"5 minutes\" \/>\n<script type=\"application\/ld+json\" class=\"yoast-schema-graph\">{\"@context\":\"https:\/\/schema.org\",\"@graph\":[{\"@type\":\"WebPage\",\"@id\":\"https:\/\/mololongo.com\/villas\/pravila-privatnosti\/\",\"url\":\"https:\/\/mololongo.com\/villas\/pravila-privatnosti\/\",\"name\":\"Cookie-Richtlinie und Datenschutzbestimmungen - Molo Longo Villas &amp; Vacation Homes\",\"isPartOf\":{\"@id\":\"https:\/\/mololongo.com\/villas\/#website\"},\"datePublished\":\"2020-08-09T10:48:26+00:00\",\"dateModified\":\"2024-02-01T08:04:09+00:00\",\"breadcrumb\":{\"@id\":\"https:\/\/mololongo.com\/villas\/pravila-privatnosti\/#breadcrumb\"},\"inLanguage\":\"de\",\"potentialAction\":[{\"@type\":\"ReadAction\",\"target\":[\"https:\/\/mololongo.com\/villas\/pravila-privatnosti\/\"]}]},{\"@type\":\"BreadcrumbList\",\"@id\":\"https:\/\/mololongo.com\/villas\/pravila-privatnosti\/#breadcrumb\",\"itemListElement\":[{\"@type\":\"ListItem\",\"position\":1,\"name\":\"Po\u010detna stranica\",\"item\":\"https:\/\/mololongo.com\/villas\/\"},{\"@type\":\"ListItem\",\"position\":2,\"name\":\"Cookie-Richtlinie und Datenschutzbestimmungen\"}]},{\"@type\":\"WebSite\",\"@id\":\"https:\/\/mololongo.com\/villas\/#website\",\"url\":\"https:\/\/mololongo.com\/villas\/\",\"name\":\"Molo Longo Villas &amp; Vacation Homes\",\"description\":\"Villas &amp; Vacation Homes\",\"publisher\":{\"@id\":\"https:\/\/mololongo.com\/villas\/#organization\"},\"potentialAction\":[{\"@type\":\"SearchAction\",\"target\":{\"@type\":\"EntryPoint\",\"urlTemplate\":\"https:\/\/mololongo.com\/villas\/?s={search_term_string}\"},\"query-input\":{\"@type\":\"PropertyValueSpecification\",\"valueRequired\":true,\"valueName\":\"search_term_string\"}}],\"inLanguage\":\"de\"},{\"@type\":\"Organization\",\"@id\":\"https:\/\/mololongo.com\/villas\/#organization\",\"name\":\"Molo Longo Villas &amp; Vacation Homes\",\"url\":\"https:\/\/mololongo.com\/villas\/\",\"logo\":{\"@type\":\"ImageObject\",\"inLanguage\":\"de\",\"@id\":\"https:\/\/mololongo.com\/villas\/#\/schema\/logo\/image\/\",\"url\":\"https:\/\/mololongo.com\/villas\/wp-content\/uploads\/2021\/10\/Mololongo-Logo-Villas.png\",\"contentUrl\":\"https:\/\/mololongo.com\/villas\/wp-content\/uploads\/2021\/10\/Mololongo-Logo-Villas.png\",\"width\":339,\"height\":129,\"caption\":\"Molo Longo Villas &amp; Vacation Homes\"},\"image\":{\"@id\":\"https:\/\/mololongo.com\/villas\/#\/schema\/logo\/image\/\"}}]}<\/script>\n<!-- \/ Yoast SEO plugin. -->","yoast_head_json":{"title":"Cookie-Richtlinie und Datenschutzbestimmungen - Molo Longo Villas &amp; Vacation Homes","robots":{"index":"noindex","follow":"follow","max-snippet":"max-snippet:-1","max-image-preview":"max-image-preview:large","max-video-preview":"max-video-preview:-1"},"og_locale":"de_DE","og_type":"article","og_title":"Cookie-Richtlinie und Datenschutzbestimmungen - Molo Longo Villas &amp; Vacation Homes","og_description":"Die Virtus upravljanje d.o.o. verpflichtet sich, als Reiseb\u00fcro unter dem Brand Molo Longo (im Weiteren: Molo Longo), die Anonymit\u00e4t und Privatsph\u00e4re der Nutzer ihrer Webseite zu wahren. Die Molo Longo erhebt von ihren Kunden nur solche Daten, die f\u00fcr unseren Gesch\u00e4ftsbetrieb und die Erf\u00fcllung unserer Pflichten erforderlich sind und sch\u00fctzt sie dabei vor jeder unbefugten [&hellip;]","og_url":"https:\/\/mololongo.com\/villas\/pravila-privatnosti\/","og_site_name":"Molo Longo Villas &amp; Vacation Homes","article_modified_time":"2024-02-01T08:04:09+00:00","twitter_card":"summary_large_image","twitter_misc":{"Est. reading time":"5 minutes"},"schema":{"@context":"https:\/\/schema.org","@graph":[{"@type":"WebPage","@id":"https:\/\/mololongo.com\/villas\/pravila-privatnosti\/","url":"https:\/\/mololongo.com\/villas\/pravila-privatnosti\/","name":"Cookie-Richtlinie und Datenschutzbestimmungen - Molo Longo Villas &amp; Vacation Homes","isPartOf":{"@id":"https:\/\/mololongo.com\/villas\/#website"},"datePublished":"2020-08-09T10:48:26+00:00","dateModified":"2024-02-01T08:04:09+00:00","breadcrumb":{"@id":"https:\/\/mololongo.com\/villas\/pravila-privatnosti\/#breadcrumb"},"inLanguage":"de","potentialAction":[{"@type":"ReadAction","target":["https:\/\/mololongo.com\/villas\/pravila-privatnosti\/"]}]},{"@type":"BreadcrumbList","@id":"https:\/\/mololongo.com\/villas\/pravila-privatnosti\/#breadcrumb","itemListElement":[{"@type":"ListItem","position":1,"name":"Po\u010detna stranica","item":"https:\/\/mololongo.com\/villas\/"},{"@type":"ListItem","position":2,"name":"Cookie-Richtlinie und Datenschutzbestimmungen"}]},{"@type":"WebSite","@id":"https:\/\/mololongo.com\/villas\/#website","url":"https:\/\/mololongo.com\/villas\/","name":"Molo Longo Villas &amp; Vacation Homes","description":"Villas &amp; Vacation Homes","publisher":{"@id":"https:\/\/mololongo.com\/villas\/#organization"},"potentialAction":[{"@type":"SearchAction","target":{"@type":"EntryPoint","urlTemplate":"https:\/\/mololongo.com\/villas\/?s={search_term_string}"},"query-input":{"@type":"PropertyValueSpecification","valueRequired":true,"valueName":"search_term_string"}}],"inLanguage":"de"},{"@type":"Organization","@id":"https:\/\/mololongo.com\/villas\/#organization","name":"Molo Longo Villas &amp; Vacation Homes","url":"https:\/\/mololongo.com\/villas\/","logo":{"@type":"ImageObject","inLanguage":"de","@id":"https:\/\/mololongo.com\/villas\/#\/schema\/logo\/image\/","url":"https:\/\/mololongo.com\/villas\/wp-content\/uploads\/2021\/10\/Mololongo-Logo-Villas.png","contentUrl":"https:\/\/mololongo.com\/villas\/wp-content\/uploads\/2021\/10\/Mololongo-Logo-Villas.png","width":339,"height":129,"caption":"Molo Longo Villas &amp; Vacation Homes"},"image":{"@id":"https:\/\/mololongo.com\/villas\/#\/schema\/logo\/image\/"}}]}},"_links":{"self":[{"href":"https:\/\/mololongo.com\/villas\/de\/wp-json\/wp\/v2\/pages\/825081"}],"collection":[{"href":"https:\/\/mololongo.com\/villas\/de\/wp-json\/wp\/v2\/pages"}],"about":[{"href":"https:\/\/mololongo.com\/villas\/de\/wp-json\/wp\/v2\/types\/page"}],"author":[{"embeddable":true,"href":"https:\/\/mololongo.com\/villas\/de\/wp-json\/wp\/v2\/users\/1"}],"replies":[{"embeddable":true,"href":"https:\/\/mololongo.com\/villas\/de\/wp-json\/wp\/v2\/comments?post=825081"}],"version-history":[{"count":2,"href":"https:\/\/mololongo.com\/villas\/de\/wp-json\/wp\/v2\/pages\/825081\/revisions"}],"predecessor-version":[{"id":849380,"href":"https:\/\/mololongo.com\/villas\/de\/wp-json\/wp\/v2\/pages\/825081\/revisions\/849380"}],"wp:attachment":[{"href":"https:\/\/mololongo.com\/villas\/de\/wp-json\/wp\/v2\/media?parent=825081"}],"curies":[{"name":"wp","href":"https:\/\/api.w.org\/{rel}","templated":true}]}}