{"id":825087,"date":"2021-01-02T13:07:08","date_gmt":"2021-01-02T12:07:08","guid":{"rendered":"https:\/\/mololongovillas.com\/zahlungsarten\/"},"modified":"2023-10-20T10:58:46","modified_gmt":"2023-10-20T08:58:46","slug":"zahlungsarten","status":"publish","type":"page","link":"https:\/\/mololongo.com\/villas\/de\/zahlungsarten\/","title":{"rendered":"Zahlungsmethoden"},"content":{"rendered":"<p style=\"text-align: justify;\"><strong>ZAHLUNGSMETHODEN<\/strong><\/p>\n<p style=\"text-align: justify;\"><u>Bitte w\u00e4hlen Sie eine Zahlungsmethode f\u00fcr die Vorauszahlung von 30% des Gesamtpreises der Unterkunft:<\/u><\/p>\n<ul style=\"text-align: justify;\" class=\"simple-list\">\n<li>Zahlung mit Kreditkarte (m\u00f6glich mit Maestro, Maestro, Master Card, Visa und Discovery Bankkarten)<\/li>\n<li>Zahlung per Bank\u00fcberweisung (mit Zahlungseingang innerhalb von 3 (drei) Werktagen)<\/li>\n<\/ul>\n<p style=\"text-align: justify;\"><u>W\u00e4hlen Sie bitte eine Zahlungsmethode f\u00fcr die Zahlung des Restbetrags von 70% des Gesamtpreises:<\/u><\/p>\n<ul style=\"text-align: justify;\">\n<li>Zahlung mit Kreditkarte (m\u00f6glich mit Maestro, Maestro, Master Card, Visa und Discovery Bankkarten)<\/li>\n<li>Barzahlung bei der Ankunft in der Villa (in manchen Villen kann diese M\u00f6glichkeit ausgeschlossen sein)<\/li>\n<\/ul>\n<p style=\"text-align: justify;\">\n<p style=\"text-align: justify;\">Bitte beachten Sie, dass Ihre Buchung automatisch gesichert wird, wenn Sie die Vorauszahlung mit Kreditkarte leisten, und Sie eine Buchungsbest\u00e4tigung auf der Website und per E-Mail erhalten.<\/p>\n<p style=\"text-align: justify;\">Wenn Sie eine Bank\u00fcberweisung zur Vorauszahlung ausgew\u00e4hlt haben, erhalten Sie eine Nachricht \u00fcber die Buchung mit den Details des gebuchten Datums und Anweisungen zur Fortsetzung der Buchung. Um die Buchung abzuschlie\u00dfen, m\u00fcssen Sie den Anweisungen aus der erhaltenen Nachricht folgen und dann die Buchung best\u00e4tigen. Danach erhalten Sie die Zahlungsangaben. Sie sollten die Zahlung in den n\u00e4chsten Tagen leisten, damit wir die Zahlung innerhalb von 3 (drei) Werktagen erhalten k\u00f6nnen. Wenn wir nach Ablauf des angegebenen Zeitraums Ihre Zahlung nicht erhalten haben, wird Ihre Buchung gek\u00fcndigt. Eine Bank\u00fcberweisung ist m\u00f6glicherweise nicht m\u00f6glich, wenn weniger als 30 Tage bis zu Ihrer Ankunft verbleiben.<\/p>\n<p style=\"text-align: justify;\">Alle Preise beinhalten Mehrwertsteuer und Touristengeb\u00fchren f\u00fcr alle Mitglieder Ihrer Gesellschaft.<\/p>\n<p style=\"text-align: justify;\"><u>ZAHLUNG MIT AUSL\u00c4NDISCHER KREDITKARTE<\/u><\/p>\n<p style=\"text-align: justify;\">Die zu zahlenden Betr\u00e4ge werden in Euro (EUR) angegeben. Wenn Sie Geld in einer anderen W\u00e4hrung auf Ihrer Karte haben, erfolgt die Umrechnung in Euro entsprechend dem Wechselkurs Ihrer Kreditkartenfirma. Infolge der Umrechnung sind kleine Abweichungen zwischen dem auf unserer Website angegebenen Preis und dem Ihnen in Rechnung gestellten Preis m\u00f6glich. Die Agentur Molo Longo haftet nicht f\u00fcr Preisunterschiede, die sich aus W\u00e4hrungsumrechnungen ergeben.<\/p>\n<p style=\"text-align: justify;\"><u>BEST\u00c4TIGUNG<\/u><\/p>\n<p style=\"text-align: justify;\">Sobald Ihre Online-Zahlung erfolgt ist, erhalten Sie eine Zahlungsbest\u00e4tigung per E-Mail.<\/p>\n<p style=\"text-align: justify;\">K\u00fcndigungsbedingungen<\/p>\n<p style=\"text-align: justify;\">Wenn Sie Ihre Zahlung k\u00fcndigen m\u00f6chten, kontaktieren Sie uns bitte schriftlich unter <a href=\"mailto:villas@mololongo.com\">villas@mololongo.com<\/a> und erkl\u00e4ren Sie die Gr\u00fcnde f\u00fcr Ihre K\u00fcndigung.<\/p>\n","protected":false},"excerpt":{"rendered":"<p>ZAHLUNGSMETHODEN Bitte w\u00e4hlen Sie eine Zahlungsmethode f\u00fcr die Vorauszahlung von 30% des Gesamtpreises der Unterkunft: Zahlung mit Kreditkarte (m\u00f6glich mit Maestro, Maestro, Master Card, Visa und Discovery Bankkarten) Zahlung per Bank\u00fcberweisung (mit Zahlungseingang innerhalb von 3 (drei) Werktagen) W\u00e4hlen Sie bitte eine Zahlungsmethode f\u00fcr die Zahlung des Restbetrags von 70% des Gesamtpreises: Zahlung mit Kreditkarte [&hellip;]<\/p>\n","protected":false},"author":1,"featured_media":0,"parent":0,"menu_order":45,"comment_status":"closed","ping_status":"closed","template":"page-templates\/simplepage.php","meta":{"footnotes":""},"yoast_head":"<!-- This site is optimized with the Yoast SEO plugin v23.4 - https:\/\/yoast.com\/wordpress\/plugins\/seo\/ -->\n<title>Zahlungsmethoden - Molo Longo Villas &amp; Vacation Homes<\/title>\n<meta name=\"robots\" content=\"noindex, follow, max-snippet:-1, max-image-preview:large, max-video-preview:-1\" \/>\n<meta property=\"og:locale\" content=\"de_DE\" \/>\n<meta property=\"og:type\" content=\"article\" \/>\n<meta property=\"og:title\" content=\"Zahlungsmethoden - Molo Longo Villas &amp; Vacation Homes\" \/>\n<meta property=\"og:description\" content=\"ZAHLUNGSMETHODEN Bitte w\u00e4hlen Sie eine Zahlungsmethode f\u00fcr die Vorauszahlung von 30% des Gesamtpreises der Unterkunft: Zahlung mit Kreditkarte (m\u00f6glich mit Maestro, Maestro, Master Card, Visa und Discovery Bankkarten) Zahlung per Bank\u00fcberweisung (mit Zahlungseingang innerhalb von 3 (drei) Werktagen) W\u00e4hlen Sie bitte eine Zahlungsmethode f\u00fcr die Zahlung des Restbetrags von 70% des Gesamtpreises: Zahlung mit Kreditkarte [&hellip;]\" \/>\n<meta property=\"og:url\" content=\"https:\/\/mololongo.com\/villas\/metode-placanja\/\" \/>\n<meta property=\"og:site_name\" content=\"Molo Longo Villas &amp; Vacation Homes\" \/>\n<meta property=\"article:modified_time\" content=\"2023-10-20T08:58:46+00:00\" \/>\n<meta name=\"twitter:card\" content=\"summary_large_image\" \/>\n<meta name=\"twitter:label1\" content=\"Est. reading time\" \/>\n\t<meta name=\"twitter:data1\" content=\"2 minutes\" \/>\n<script type=\"application\/ld+json\" class=\"yoast-schema-graph\">{\"@context\":\"https:\/\/schema.org\",\"@graph\":[{\"@type\":\"WebPage\",\"@id\":\"https:\/\/mololongo.com\/villas\/metode-placanja\/\",\"url\":\"https:\/\/mololongo.com\/villas\/metode-placanja\/\",\"name\":\"Zahlungsmethoden - Molo Longo Villas &amp; Vacation Homes\",\"isPartOf\":{\"@id\":\"https:\/\/mololongo.com\/villas\/#website\"},\"datePublished\":\"2021-01-02T12:07:08+00:00\",\"dateModified\":\"2023-10-20T08:58:46+00:00\",\"breadcrumb\":{\"@id\":\"https:\/\/mololongo.com\/villas\/metode-placanja\/#breadcrumb\"},\"inLanguage\":\"de\",\"potentialAction\":[{\"@type\":\"ReadAction\",\"target\":[\"https:\/\/mololongo.com\/villas\/metode-placanja\/\"]}]},{\"@type\":\"BreadcrumbList\",\"@id\":\"https:\/\/mololongo.com\/villas\/metode-placanja\/#breadcrumb\",\"itemListElement\":[{\"@type\":\"ListItem\",\"position\":1,\"name\":\"Po\u010detna stranica\",\"item\":\"https:\/\/mololongo.com\/villas\/\"},{\"@type\":\"ListItem\",\"position\":2,\"name\":\"Zahlungsmethoden\"}]},{\"@type\":\"WebSite\",\"@id\":\"https:\/\/mololongo.com\/villas\/#website\",\"url\":\"https:\/\/mololongo.com\/villas\/\",\"name\":\"Molo Longo Villas &amp; Vacation Homes\",\"description\":\"Villas &amp; Vacation Homes\",\"publisher\":{\"@id\":\"https:\/\/mololongo.com\/villas\/#organization\"},\"potentialAction\":[{\"@type\":\"SearchAction\",\"target\":{\"@type\":\"EntryPoint\",\"urlTemplate\":\"https:\/\/mololongo.com\/villas\/?s={search_term_string}\"},\"query-input\":{\"@type\":\"PropertyValueSpecification\",\"valueRequired\":true,\"valueName\":\"search_term_string\"}}],\"inLanguage\":\"de\"},{\"@type\":\"Organization\",\"@id\":\"https:\/\/mololongo.com\/villas\/#organization\",\"name\":\"Molo Longo Villas &amp; Vacation Homes\",\"url\":\"https:\/\/mololongo.com\/villas\/\",\"logo\":{\"@type\":\"ImageObject\",\"inLanguage\":\"de\",\"@id\":\"https:\/\/mololongo.com\/villas\/#\/schema\/logo\/image\/\",\"url\":\"https:\/\/mololongo.com\/villas\/wp-content\/uploads\/2021\/10\/Mololongo-Logo-Villas.png\",\"contentUrl\":\"https:\/\/mololongo.com\/villas\/wp-content\/uploads\/2021\/10\/Mololongo-Logo-Villas.png\",\"width\":339,\"height\":129,\"caption\":\"Molo Longo Villas &amp; Vacation Homes\"},\"image\":{\"@id\":\"https:\/\/mololongo.com\/villas\/#\/schema\/logo\/image\/\"}}]}<\/script>\n<!-- \/ Yoast SEO plugin. -->","yoast_head_json":{"title":"Zahlungsmethoden - Molo Longo Villas &amp; Vacation Homes","robots":{"index":"noindex","follow":"follow","max-snippet":"max-snippet:-1","max-image-preview":"max-image-preview:large","max-video-preview":"max-video-preview:-1"},"og_locale":"de_DE","og_type":"article","og_title":"Zahlungsmethoden - Molo Longo Villas &amp; Vacation Homes","og_description":"ZAHLUNGSMETHODEN Bitte w\u00e4hlen Sie eine Zahlungsmethode f\u00fcr die Vorauszahlung von 30% des Gesamtpreises der Unterkunft: Zahlung mit Kreditkarte (m\u00f6glich mit Maestro, Maestro, Master Card, Visa und Discovery Bankkarten) Zahlung per Bank\u00fcberweisung (mit Zahlungseingang innerhalb von 3 (drei) Werktagen) W\u00e4hlen Sie bitte eine Zahlungsmethode f\u00fcr die Zahlung des Restbetrags von 70% des Gesamtpreises: Zahlung mit Kreditkarte [&hellip;]","og_url":"https:\/\/mololongo.com\/villas\/metode-placanja\/","og_site_name":"Molo Longo Villas &amp; Vacation Homes","article_modified_time":"2023-10-20T08:58:46+00:00","twitter_card":"summary_large_image","twitter_misc":{"Est. reading time":"2 minutes"},"schema":{"@context":"https:\/\/schema.org","@graph":[{"@type":"WebPage","@id":"https:\/\/mololongo.com\/villas\/metode-placanja\/","url":"https:\/\/mololongo.com\/villas\/metode-placanja\/","name":"Zahlungsmethoden - Molo Longo Villas &amp; Vacation Homes","isPartOf":{"@id":"https:\/\/mololongo.com\/villas\/#website"},"datePublished":"2021-01-02T12:07:08+00:00","dateModified":"2023-10-20T08:58:46+00:00","breadcrumb":{"@id":"https:\/\/mololongo.com\/villas\/metode-placanja\/#breadcrumb"},"inLanguage":"de","potentialAction":[{"@type":"ReadAction","target":["https:\/\/mololongo.com\/villas\/metode-placanja\/"]}]},{"@type":"BreadcrumbList","@id":"https:\/\/mololongo.com\/villas\/metode-placanja\/#breadcrumb","itemListElement":[{"@type":"ListItem","position":1,"name":"Po\u010detna stranica","item":"https:\/\/mololongo.com\/villas\/"},{"@type":"ListItem","position":2,"name":"Zahlungsmethoden"}]},{"@type":"WebSite","@id":"https:\/\/mololongo.com\/villas\/#website","url":"https:\/\/mololongo.com\/villas\/","name":"Molo Longo Villas &amp; Vacation Homes","description":"Villas &amp; Vacation Homes","publisher":{"@id":"https:\/\/mololongo.com\/villas\/#organization"},"potentialAction":[{"@type":"SearchAction","target":{"@type":"EntryPoint","urlTemplate":"https:\/\/mololongo.com\/villas\/?s={search_term_string}"},"query-input":{"@type":"PropertyValueSpecification","valueRequired":true,"valueName":"search_term_string"}}],"inLanguage":"de"},{"@type":"Organization","@id":"https:\/\/mololongo.com\/villas\/#organization","name":"Molo Longo Villas &amp; Vacation Homes","url":"https:\/\/mololongo.com\/villas\/","logo":{"@type":"ImageObject","inLanguage":"de","@id":"https:\/\/mololongo.com\/villas\/#\/schema\/logo\/image\/","url":"https:\/\/mololongo.com\/villas\/wp-content\/uploads\/2021\/10\/Mololongo-Logo-Villas.png","contentUrl":"https:\/\/mololongo.com\/villas\/wp-content\/uploads\/2021\/10\/Mololongo-Logo-Villas.png","width":339,"height":129,"caption":"Molo Longo Villas &amp; Vacation Homes"},"image":{"@id":"https:\/\/mololongo.com\/villas\/#\/schema\/logo\/image\/"}}]}},"_links":{"self":[{"href":"https:\/\/mololongo.com\/villas\/de\/wp-json\/wp\/v2\/pages\/825087"}],"collection":[{"href":"https:\/\/mololongo.com\/villas\/de\/wp-json\/wp\/v2\/pages"}],"about":[{"href":"https:\/\/mololongo.com\/villas\/de\/wp-json\/wp\/v2\/types\/page"}],"author":[{"embeddable":true,"href":"https:\/\/mololongo.com\/villas\/de\/wp-json\/wp\/v2\/users\/1"}],"replies":[{"embeddable":true,"href":"https:\/\/mololongo.com\/villas\/de\/wp-json\/wp\/v2\/comments?post=825087"}],"version-history":[{"count":2,"href":"https:\/\/mololongo.com\/villas\/de\/wp-json\/wp\/v2\/pages\/825087\/revisions"}],"predecessor-version":[{"id":849269,"href":"https:\/\/mololongo.com\/villas\/de\/wp-json\/wp\/v2\/pages\/825087\/revisions\/849269"}],"wp:attachment":[{"href":"https:\/\/mololongo.com\/villas\/de\/wp-json\/wp\/v2\/media?parent=825087"}],"curies":[{"name":"wp","href":"https:\/\/api.w.org\/{rel}","templated":true}]}}