{"id":825062,"date":"2020-12-03T14:11:30","date_gmt":"2020-12-03T13:11:30","guid":{"rendered":"https:\/\/mololongovillas.com\/gruppo-molo-longo\/"},"modified":"2022-03-17T10:52:30","modified_gmt":"2022-03-17T09:52:30","slug":"gruppo-molo-longo","status":"publish","type":"page","link":"https:\/\/mololongo.com\/villas\/it\/gruppo-molo-longo\/","title":{"rendered":"Gruppo Molo Longo"},"content":{"rendered":"<p>Dopo aver notato il grande potenziale e lo sviluppo accelerato di Rijeka come importante destinazione turistica dell\u2019Adriatico settentrionale, nel 2016 il giovane imprenditore Josip Prskalo ha fondato un\u2019agenzia turistica per offrire un classico servizio di mediazione nell\u2019affitto di appartamenti e camere a scopi turistici nel territorio di Rijeka. La domanda elevata ha incentivato la rapida espansione e il miglioramento continuo dell\u2019offerta dell\u2019agenzia. La passione e l\u2019impegno del nostro team di giovani ambiziosi ha portato alla realizzazione di un\u2019idea di business completamente nuova e innovativa in questo territorio. Cos\u00ec nel 2018 \u00e8 stato inaugurato Molo Longo, il primo albergo diffuso di Rijeka. Grazie alla sua crescita e a nuovi investimenti, la societ\u00e0 ha assunto nuovi dipendenti e ha creato un team di professionisti che dedica il proprio sapere e le proprie energie alla creazione di un servizio riconoscibile e di alta qualit\u00e0. In poco tempo, questo metodo innovativo di fare impresa ha smesso di essere un\u2019incognita. Infatti, sia i proprietari di appartamenti, sia gli ospiti hanno riconosciuto la qualit\u00e0 e i vantaggi del gruppo Molo Longo rendendo il nostro marchio sempre pi\u00f9 riconoscibile e diffuso. Oggi, Molo Longo dispone di oltre 200 alloggi in offerta, tutti arredati in stile contemporaneo. Nel 2019 abbiamo registrato oltre 18.000 ospiti. <\/p>\n","protected":false},"excerpt":{"rendered":"<p>Dopo aver notato il grande potenziale e lo sviluppo accelerato di Rijeka come importante destinazione turistica dell\u2019Adriatico settentrionale, nel 2016 il giovane imprenditore Josip Prskalo ha fondato un\u2019agenzia turistica per offrire un classico servizio di mediazione nell\u2019affitto di appartamenti e camere a scopi turistici nel territorio di Rijeka. La domanda elevata ha incentivato la rapida [&hellip;]<\/p>\n","protected":false},"author":1,"featured_media":848606,"parent":0,"menu_order":12,"comment_status":"closed","ping_status":"closed","template":"page-templates\/page-about.php","meta":{"footnotes":""},"yoast_head":"<!-- This site is optimized with the Yoast SEO plugin v23.4 - https:\/\/yoast.com\/wordpress\/plugins\/seo\/ -->\n<title>Gruppo Molo Longo - Molo Longo Villas &amp; Vacation Homes<\/title>\n<meta name=\"description\" content=\"Molo Longo \u00e8 sinonimo di servizi turistici di qualit\u00e0. Il nostro focus \u00e8 un\u2019offerta ricca e di qualit\u00e0 lungo tutto l\u2019Adriatico.\" \/>\n<meta name=\"robots\" content=\"noindex, follow, max-snippet:-1, max-image-preview:large, max-video-preview:-1\" \/>\n<meta property=\"og:locale\" content=\"it_IT\" \/>\n<meta property=\"og:type\" content=\"article\" \/>\n<meta property=\"og:title\" content=\"Gruppo Molo Longo - Molo Longo Villas &amp; Vacation Homes\" \/>\n<meta property=\"og:description\" content=\"Molo Longo \u00e8 sinonimo di servizi turistici di qualit\u00e0. Il nostro focus \u00e8 un\u2019offerta ricca e di qualit\u00e0 lungo tutto l\u2019Adriatico.\" \/>\n<meta property=\"og:url\" content=\"https:\/\/mololongo.com\/villas\/grupacija-molo-longo\/\" \/>\n<meta property=\"og:site_name\" content=\"Molo Longo Villas &amp; Vacation Homes\" \/>\n<meta property=\"article:modified_time\" content=\"2022-03-17T09:52:30+00:00\" \/>\n<meta property=\"og:image\" content=\"https:\/\/mololongo.com\/villas\/wp-content\/uploads\/2021\/11\/grupacija-header.jpg\" \/>\n\t<meta property=\"og:image:width\" content=\"2000\" \/>\n\t<meta property=\"og:image:height\" content=\"1333\" \/>\n\t<meta property=\"og:image:type\" content=\"image\/jpeg\" \/>\n<meta name=\"twitter:card\" content=\"summary_large_image\" \/>\n<meta name=\"twitter:label1\" content=\"Est. reading time\" \/>\n\t<meta name=\"twitter:data1\" content=\"1 minuto\" \/>\n<script type=\"application\/ld+json\" class=\"yoast-schema-graph\">{\"@context\":\"https:\/\/schema.org\",\"@graph\":[{\"@type\":\"WebPage\",\"@id\":\"https:\/\/mololongo.com\/villas\/grupacija-molo-longo\/\",\"url\":\"https:\/\/mololongo.com\/villas\/grupacija-molo-longo\/\",\"name\":\"Gruppo Molo Longo - Molo Longo Villas &amp; Vacation Homes\",\"isPartOf\":{\"@id\":\"https:\/\/mololongo.com\/villas\/#website\"},\"primaryImageOfPage\":{\"@id\":\"https:\/\/mololongo.com\/villas\/grupacija-molo-longo\/#primaryimage\"},\"image\":{\"@id\":\"https:\/\/mololongo.com\/villas\/grupacija-molo-longo\/#primaryimage\"},\"thumbnailUrl\":\"https:\/\/mololongo.com\/villas\/wp-content\/uploads\/2021\/11\/grupacija-header.jpg\",\"datePublished\":\"2020-12-03T13:11:30+00:00\",\"dateModified\":\"2022-03-17T09:52:30+00:00\",\"description\":\"Molo Longo \u00e8 sinonimo di servizi turistici di qualit\u00e0. Il nostro focus \u00e8 un\u2019offerta ricca e di qualit\u00e0 lungo tutto l\u2019Adriatico.\",\"breadcrumb\":{\"@id\":\"https:\/\/mololongo.com\/villas\/grupacija-molo-longo\/#breadcrumb\"},\"inLanguage\":\"it-IT\",\"potentialAction\":[{\"@type\":\"ReadAction\",\"target\":[\"https:\/\/mololongo.com\/villas\/grupacija-molo-longo\/\"]}]},{\"@type\":\"ImageObject\",\"inLanguage\":\"it-IT\",\"@id\":\"https:\/\/mololongo.com\/villas\/grupacija-molo-longo\/#primaryimage\",\"url\":\"https:\/\/mololongo.com\/villas\/wp-content\/uploads\/2021\/11\/grupacija-header.jpg\",\"contentUrl\":\"https:\/\/mololongo.com\/villas\/wp-content\/uploads\/2021\/11\/grupacija-header.jpg\",\"width\":2000,\"height\":1333},{\"@type\":\"BreadcrumbList\",\"@id\":\"https:\/\/mololongo.com\/villas\/grupacija-molo-longo\/#breadcrumb\",\"itemListElement\":[{\"@type\":\"ListItem\",\"position\":1,\"name\":\"Po\u010detna stranica\",\"item\":\"https:\/\/mololongo.com\/villas\/\"},{\"@type\":\"ListItem\",\"position\":2,\"name\":\"Gruppo Molo Longo\"}]},{\"@type\":\"WebSite\",\"@id\":\"https:\/\/mololongo.com\/villas\/#website\",\"url\":\"https:\/\/mololongo.com\/villas\/\",\"name\":\"Molo Longo Villas &amp; Vacation Homes\",\"description\":\"Villas &amp; Vacation Homes\",\"publisher\":{\"@id\":\"https:\/\/mololongo.com\/villas\/#organization\"},\"potentialAction\":[{\"@type\":\"SearchAction\",\"target\":{\"@type\":\"EntryPoint\",\"urlTemplate\":\"https:\/\/mololongo.com\/villas\/?s={search_term_string}\"},\"query-input\":{\"@type\":\"PropertyValueSpecification\",\"valueRequired\":true,\"valueName\":\"search_term_string\"}}],\"inLanguage\":\"it-IT\"},{\"@type\":\"Organization\",\"@id\":\"https:\/\/mololongo.com\/villas\/#organization\",\"name\":\"Molo Longo Villas &amp; Vacation Homes\",\"url\":\"https:\/\/mololongo.com\/villas\/\",\"logo\":{\"@type\":\"ImageObject\",\"inLanguage\":\"it-IT\",\"@id\":\"https:\/\/mololongo.com\/villas\/#\/schema\/logo\/image\/\",\"url\":\"https:\/\/mololongo.com\/villas\/wp-content\/uploads\/2021\/10\/Mololongo-Logo-Villas.png\",\"contentUrl\":\"https:\/\/mololongo.com\/villas\/wp-content\/uploads\/2021\/10\/Mololongo-Logo-Villas.png\",\"width\":339,\"height\":129,\"caption\":\"Molo Longo Villas &amp; Vacation Homes\"},\"image\":{\"@id\":\"https:\/\/mololongo.com\/villas\/#\/schema\/logo\/image\/\"}}]}<\/script>\n<!-- \/ Yoast SEO plugin. -->","yoast_head_json":{"title":"Gruppo Molo Longo - Molo Longo Villas &amp; Vacation Homes","description":"Molo Longo \u00e8 sinonimo di servizi turistici di qualit\u00e0. Il nostro focus \u00e8 un\u2019offerta ricca e di qualit\u00e0 lungo tutto l\u2019Adriatico.","robots":{"index":"noindex","follow":"follow","max-snippet":"max-snippet:-1","max-image-preview":"max-image-preview:large","max-video-preview":"max-video-preview:-1"},"og_locale":"it_IT","og_type":"article","og_title":"Gruppo Molo Longo - Molo Longo Villas &amp; Vacation Homes","og_description":"Molo Longo \u00e8 sinonimo di servizi turistici di qualit\u00e0. Il nostro focus \u00e8 un\u2019offerta ricca e di qualit\u00e0 lungo tutto l\u2019Adriatico.","og_url":"https:\/\/mololongo.com\/villas\/grupacija-molo-longo\/","og_site_name":"Molo Longo Villas &amp; Vacation Homes","article_modified_time":"2022-03-17T09:52:30+00:00","og_image":[{"width":2000,"height":1333,"url":"https:\/\/mololongo.com\/villas\/wp-content\/uploads\/2021\/11\/grupacija-header.jpg","type":"image\/jpeg"}],"twitter_card":"summary_large_image","twitter_misc":{"Est. reading time":"1 minuto"},"schema":{"@context":"https:\/\/schema.org","@graph":[{"@type":"WebPage","@id":"https:\/\/mololongo.com\/villas\/grupacija-molo-longo\/","url":"https:\/\/mololongo.com\/villas\/grupacija-molo-longo\/","name":"Gruppo Molo Longo - Molo Longo Villas &amp; Vacation Homes","isPartOf":{"@id":"https:\/\/mololongo.com\/villas\/#website"},"primaryImageOfPage":{"@id":"https:\/\/mololongo.com\/villas\/grupacija-molo-longo\/#primaryimage"},"image":{"@id":"https:\/\/mololongo.com\/villas\/grupacija-molo-longo\/#primaryimage"},"thumbnailUrl":"https:\/\/mololongo.com\/villas\/wp-content\/uploads\/2021\/11\/grupacija-header.jpg","datePublished":"2020-12-03T13:11:30+00:00","dateModified":"2022-03-17T09:52:30+00:00","description":"Molo Longo \u00e8 sinonimo di servizi turistici di qualit\u00e0. Il nostro focus \u00e8 un\u2019offerta ricca e di qualit\u00e0 lungo tutto l\u2019Adriatico.","breadcrumb":{"@id":"https:\/\/mololongo.com\/villas\/grupacija-molo-longo\/#breadcrumb"},"inLanguage":"it-IT","potentialAction":[{"@type":"ReadAction","target":["https:\/\/mololongo.com\/villas\/grupacija-molo-longo\/"]}]},{"@type":"ImageObject","inLanguage":"it-IT","@id":"https:\/\/mololongo.com\/villas\/grupacija-molo-longo\/#primaryimage","url":"https:\/\/mololongo.com\/villas\/wp-content\/uploads\/2021\/11\/grupacija-header.jpg","contentUrl":"https:\/\/mololongo.com\/villas\/wp-content\/uploads\/2021\/11\/grupacija-header.jpg","width":2000,"height":1333},{"@type":"BreadcrumbList","@id":"https:\/\/mololongo.com\/villas\/grupacija-molo-longo\/#breadcrumb","itemListElement":[{"@type":"ListItem","position":1,"name":"Po\u010detna stranica","item":"https:\/\/mololongo.com\/villas\/"},{"@type":"ListItem","position":2,"name":"Gruppo Molo Longo"}]},{"@type":"WebSite","@id":"https:\/\/mololongo.com\/villas\/#website","url":"https:\/\/mololongo.com\/villas\/","name":"Molo Longo Villas &amp; Vacation Homes","description":"Villas &amp; Vacation Homes","publisher":{"@id":"https:\/\/mololongo.com\/villas\/#organization"},"potentialAction":[{"@type":"SearchAction","target":{"@type":"EntryPoint","urlTemplate":"https:\/\/mololongo.com\/villas\/?s={search_term_string}"},"query-input":{"@type":"PropertyValueSpecification","valueRequired":true,"valueName":"search_term_string"}}],"inLanguage":"it-IT"},{"@type":"Organization","@id":"https:\/\/mololongo.com\/villas\/#organization","name":"Molo Longo Villas &amp; Vacation Homes","url":"https:\/\/mololongo.com\/villas\/","logo":{"@type":"ImageObject","inLanguage":"it-IT","@id":"https:\/\/mololongo.com\/villas\/#\/schema\/logo\/image\/","url":"https:\/\/mololongo.com\/villas\/wp-content\/uploads\/2021\/10\/Mololongo-Logo-Villas.png","contentUrl":"https:\/\/mololongo.com\/villas\/wp-content\/uploads\/2021\/10\/Mololongo-Logo-Villas.png","width":339,"height":129,"caption":"Molo Longo Villas &amp; Vacation Homes"},"image":{"@id":"https:\/\/mololongo.com\/villas\/#\/schema\/logo\/image\/"}}]}},"_links":{"self":[{"href":"https:\/\/mololongo.com\/villas\/it\/wp-json\/wp\/v2\/pages\/825062"}],"collection":[{"href":"https:\/\/mololongo.com\/villas\/it\/wp-json\/wp\/v2\/pages"}],"about":[{"href":"https:\/\/mololongo.com\/villas\/it\/wp-json\/wp\/v2\/types\/page"}],"author":[{"embeddable":true,"href":"https:\/\/mololongo.com\/villas\/it\/wp-json\/wp\/v2\/users\/1"}],"replies":[{"embeddable":true,"href":"https:\/\/mololongo.com\/villas\/it\/wp-json\/wp\/v2\/comments?post=825062"}],"version-history":[{"count":2,"href":"https:\/\/mololongo.com\/villas\/it\/wp-json\/wp\/v2\/pages\/825062\/revisions"}],"predecessor-version":[{"id":825325,"href":"https:\/\/mololongo.com\/villas\/it\/wp-json\/wp\/v2\/pages\/825062\/revisions\/825325"}],"wp:featuredmedia":[{"embeddable":true,"href":"https:\/\/mololongo.com\/villas\/it\/wp-json\/wp\/v2\/media\/848606"}],"wp:attachment":[{"href":"https:\/\/mololongo.com\/villas\/it\/wp-json\/wp\/v2\/media?parent=825062"}],"curies":[{"name":"wp","href":"https:\/\/api.w.org\/{rel}","templated":true}]}}