{"id":825082,"date":"2020-08-09T12:48:26","date_gmt":"2020-08-09T10:48:26","guid":{"rendered":"https:\/\/mololongovillas.com\/cookie-e-informativa-sulla-privacy\/"},"modified":"2024-02-01T09:04:26","modified_gmt":"2024-02-01T08:04:26","slug":"cookie-e-informativa-sulla-privacy","status":"publish","type":"page","link":"https:\/\/mololongo.com\/villas\/it\/cookie-e-informativa-sulla-privacy\/","title":{"rendered":"Privacy e Politica dei cookie"},"content":{"rendered":"<p style=\"text-align: justify;\">Virtus upravljanje d.o.o. in veste di agenzia turistica con il marchio Molo Longo (in seguito nel testo: Molo Longo) si impegna a rispettare l\u2019anonimato e la privacy degli utenti del suo sito web. Molo Longo raccoglie solo i dati personali degli utenti che sono indispensabili ai fini dell\u2019adempito dei nostri obblighi e dello svolgimento delle nostre attivit\u00e0, proteggendoli tuttavia da qualsiasi trattamento non autorizzato o illegale. I nostri clienti vengono sempre informati sugli obiettivi e sulle modalit\u00e0 di raccolta dei dati e hanno sempre la possibilit\u00e0 di scegliere se desiderano che i loro dati vengano utilizzati per scopi di marketing oppure cancellati. A tal fine, l\u2019agenzia Molo Longo applica il Regolamento generale sulla protezione dei dati e la Legge sull&#8217;applicazione del Regolamento generale sulla protezione dei dati in tutte le sue attivit\u00e0.<\/p>\n<p style=\"text-align: justify;\">Trattamento dei dati<\/p>\n<p style=\"text-align: justify;\">Il trattamento dei dati dei nostri clienti si basa sul nostro interesse legittimo di fornire al cliente servizi ottimali e raggiungere un livello di produttivit\u00e0 soddisfacente nella collaborazione con i nostri clienti. Possiamo richiedere i tuoi dati al momento della prenotazione dell\u2019alloggio tramite il nostro sito web, dell\u2019iscrizione alla nostra newsletter, della compilazione del questionario e in altri casi analoghi, quando i tuoi dati sono necessari ai fini dell\u2019espletamento degli obiettivi per i quali sono stati raccolti e trattati. In questi casi possiamo richiedere informazioni relative al tuo nome, numero di telefono, indirizzo e-mail e alle modalit\u00e0 di pagamento.<br \/>\nMolo Longo custodir\u00e0 i dati personali e tutti gli altri dati indicati che raccoglier\u00e0 dai suoi clienti in un database sicuro e protetto e questi dati non saranno disponibili a terzi.<br \/>\nI tuoi diritti relativamente al trattamento dei dati personali<br \/>\n\u2013 diritto al consenso e alla revoca del consenso: se il trattamento dei dati si basa sul tuo consenso, hai il diritto di revocare il consenso in qualsiasi momento mediante comunicazione scritta di revoca inviata all\u2019indirizzo postale dell\u2019agenzia Molo Longo (Trpimirova 1A, 51 000 Rijeka) o all\u2019indirizzo e-mail:<br \/>\nvillas@mololongo.com<br \/>\n\u2013 diritto di accesso: diritto ad ottenere informazioni in merito al trattamento dei tuoi dati, alle modalit\u00e0 di trattamento, alle modalit\u00e0 di conservazione, ecc.<br \/>\n\u2013 diritto di cancellazione: sei hai richiesto la revoca o se i tuoi dati non sono pi\u00f9 necessari ai fini dell\u2019espletamento degli obiettivi per i quali sono stati raccolti.<\/p>\n<p style=\"text-align: justify;\">Cookie e loro finalit\u00e0<\/p>\n<p style=\"text-align: justify;\">Questo sito internet utilizza i cookie e tecnologie simili al fine di garantire un servizio migliore possibile. I cookie sono informazioni che il sito web che stai visitando memorizza sul tuo computer. In genere i cookie memorizzano le tue impostazioni per un determinato sito web, tra cui la lingua preferita per l\u2019interfaccia utente e simili. Cliccando su \u201cAcconsento\u201d, presterai il tuo consenso al trattamento dei tuoi dati personali. I cookie possono essere utilizzati al fine di ottimizzare l\u2019esperienza utente sul nostro sito web e memorizzare le impostazioni di navigazione. I cookie ci aiutano inoltre a rendere pi\u00f9 semplice il processo di prenotazione dell\u2019alloggio e l\u2019adattamento del sito alle tue esigenze.<\/p>\n<p style=\"text-align: justify;\">Come disabilitare i cookie<\/p>\n<p style=\"text-align: justify;\">Tramite le impostazioni del tuo browser puoi decidere se consentire o bloccare l\u2019utilizzo dei cookie. Se disabiliti i cookie, non sarai in grado di accedere a determinate funzionalit\u00e0 di questo sito web. Se non hai disattivato i cookie dal tuo browser, questo sito internet li raccoglier\u00e0 in modo automatico. Le modalit\u00e0 di disattivazione dei cookie e la revoca del consenso alla loro raccolta dipendono da ogni singolo browser.<\/p>\n<p style=\"text-align: justify;\">Tipologie di cookie<\/p>\n<ol style=\"text-align: justify;\">\n<li>&#8211; cookie temporanei (necessari): i cookie temporanei (ingl. session cookies \/ cookie di sessione) vengono eliminati dal computer alla chiusura del browser. Sono utilizzati dai siti web per memorizzare dati temporanei, tra cui i dati identificativi dell\u2019utente registrato, sono attivi durante la sessione di prenotazione dell\u2019alloggio e simili.<br \/>\n&#8211; cookie di prestazione: sono utilizzati dal prestatore del servizio per monitorare e analizzare l\u2019utilizzo del sito web. Molo Lungo utilizza questa tipologia di cookie per ottenere statistiche sul numero di visitatori del sito, sulle modalit\u00e0 di utilizzo del sito, per monitorare le attivit\u00e0 tramite la newsletter e simili. Sono utilizzati per il conseguimento degli obiettivi prestazionali che si vogliono ottenere con il sito web, per migliorare la funzionalit\u00e0 del sito web e facilitarne l\u2019utilizzo da parte degli utenti. Questo tipo di cookie viene conservato in modo permanente nella memoria del computer e viene cancellato solo alla scadenza o se viene rimosso intenzionalmente dal disco rigido.<br \/>\n&#8211; cookie funzionali: vengono utilizzati per memorizzare informazioni che derivano da abitudini, affinit\u00e0 e modalit\u00e0 d\u2019uso del sito web da parte dell\u2019utente, tra cui la lingua, la posizione, il nome utente e simili. L\u2019agenzia Molo Longo li utilizza per favorire un\u2019esperienza personalizzata di navigazione a ogni singolo utente. Questo tipo di cookie viene conservato in modo permanente nella memoria del computer e viene cancellato solo alla scadenza o se viene rimosso intenzionalmente dal disco rigido.<br \/>\n&#8211; cookie pubblicitari: vengono utilizzati al fine di raccogliere informazioni sul comportamento dell\u2019utente durante la navigazione. L\u2019agenzia Molo Longo pu\u00f2 utilizzarli per offerte mirate da parte di terzi e al fine di adempiere agli obblighi contrattuali nei confronti di terze parti (per esempio in caso di noleggio di veicoli tramite il sito dell\u2019agenzia Molo Longo al fine di adempiere ai suoi obblighi nei confronti della societ\u00e0 di noleggio).<\/li>\n<\/ol>\n<p style=\"text-align: justify;\">Google Analytics<\/p>\n<p style=\"text-align: justify;\">Google \u00e8 uno strumento software della societ\u00e0 Google Inc. utilizzato per monitorare e analizzare il traffico sul sito web. Per svolgere le sue funzioni, Google Analytics utilizza i cookie raccolti durante la navigazione sul nostro sito web. I dati cos\u00ec raccolti da Google vengono utilizzati esclusivamente allo scopo di analizzare il traffico sul nostro sito web e sono protetti sotto ogni aspetto da qualsiasi uso improprio o condivisione non autorizzata. Se desideri impedire l\u2019utilizzo dei tuoi dati da parte di Google Analytics, potrai farlo indirettamente disabilitando e cancellando i cookie dal nostro sito e, direttamente, disattivando l\u2019opzione Google Analytics tramite il cookie speciale visibile mentre utilizzi il nostro sito<\/p>\n<p style=\"text-align: justify;\">Altri siti web<\/p>\n<p style=\"text-align: justify;\">Questo sito contiene collegamenti ad altri siti. I proprietari di questi siti web trattano i dati degli utenti indipendentemente dall\u2019agenzia Molo Longo, in base alla loro politica sul trattamento dei dati. Di conseguenza, l\u2019agenzia Molo Longo non sar\u00e0 ritenuta responsabile per i dati raccolti e utilizzati da questi siti web.<\/p>\n<p style=\"text-align: justify;\">Contatto<\/p>\n<p style=\"text-align: justify;\">Puoi inviare tutte le domande relative alla protezione della tua privacy e all\u2019utilizzo dei tuoi dati personali all\u2019indirizzo e-mail villas@mololongo.com o tramite posta all\u2019indirizzo Trpimirova 1A, 51 000 Rijeka.<\/p>\n","protected":false},"excerpt":{"rendered":"<p>Virtus upravljanje d.o.o. in veste di agenzia turistica con il marchio Molo Longo (in seguito nel testo: Molo Longo) si impegna a rispettare l\u2019anonimato e la privacy degli utenti del suo sito web. Molo Longo raccoglie solo i dati personali degli utenti che sono indispensabili ai fini dell\u2019adempito dei nostri obblighi e dello svolgimento delle [&hellip;]<\/p>\n","protected":false},"author":1,"featured_media":0,"parent":0,"menu_order":39,"comment_status":"closed","ping_status":"closed","template":"page-templates\/simplepage.php","meta":{"footnotes":""},"yoast_head":"<!-- This site is optimized with the Yoast SEO plugin v23.4 - https:\/\/yoast.com\/wordpress\/plugins\/seo\/ -->\n<title>Privacy e Politica dei cookie - Molo Longo Villas &amp; Vacation Homes<\/title>\n<meta name=\"robots\" content=\"noindex, follow, max-snippet:-1, max-image-preview:large, max-video-preview:-1\" \/>\n<meta property=\"og:locale\" content=\"it_IT\" \/>\n<meta property=\"og:type\" content=\"article\" \/>\n<meta property=\"og:title\" content=\"Privacy e Politica dei cookie - Molo Longo Villas &amp; Vacation Homes\" \/>\n<meta property=\"og:description\" content=\"Virtus upravljanje d.o.o. in veste di agenzia turistica con il marchio Molo Longo (in seguito nel testo: Molo Longo) si impegna a rispettare l\u2019anonimato e la privacy degli utenti del suo sito web. Molo Longo raccoglie solo i dati personali degli utenti che sono indispensabili ai fini dell\u2019adempito dei nostri obblighi e dello svolgimento delle [&hellip;]\" \/>\n<meta property=\"og:url\" content=\"https:\/\/mololongo.com\/villas\/pravila-privatnosti\/\" \/>\n<meta property=\"og:site_name\" content=\"Molo Longo Villas &amp; Vacation Homes\" \/>\n<meta property=\"article:modified_time\" content=\"2024-02-01T08:04:26+00:00\" \/>\n<meta name=\"twitter:card\" content=\"summary_large_image\" \/>\n<meta name=\"twitter:label1\" content=\"Est. reading time\" \/>\n\t<meta name=\"twitter:data1\" content=\"5 minuti\" \/>\n<script type=\"application\/ld+json\" class=\"yoast-schema-graph\">{\"@context\":\"https:\/\/schema.org\",\"@graph\":[{\"@type\":\"WebPage\",\"@id\":\"https:\/\/mololongo.com\/villas\/pravila-privatnosti\/\",\"url\":\"https:\/\/mololongo.com\/villas\/pravila-privatnosti\/\",\"name\":\"Privacy e Politica dei cookie - Molo Longo Villas &amp; Vacation Homes\",\"isPartOf\":{\"@id\":\"https:\/\/mololongo.com\/villas\/#website\"},\"datePublished\":\"2020-08-09T10:48:26+00:00\",\"dateModified\":\"2024-02-01T08:04:26+00:00\",\"breadcrumb\":{\"@id\":\"https:\/\/mololongo.com\/villas\/pravila-privatnosti\/#breadcrumb\"},\"inLanguage\":\"it-IT\",\"potentialAction\":[{\"@type\":\"ReadAction\",\"target\":[\"https:\/\/mololongo.com\/villas\/pravila-privatnosti\/\"]}]},{\"@type\":\"BreadcrumbList\",\"@id\":\"https:\/\/mololongo.com\/villas\/pravila-privatnosti\/#breadcrumb\",\"itemListElement\":[{\"@type\":\"ListItem\",\"position\":1,\"name\":\"Po\u010detna stranica\",\"item\":\"https:\/\/mololongo.com\/villas\/\"},{\"@type\":\"ListItem\",\"position\":2,\"name\":\"Privacy e Politica dei cookie\"}]},{\"@type\":\"WebSite\",\"@id\":\"https:\/\/mololongo.com\/villas\/#website\",\"url\":\"https:\/\/mololongo.com\/villas\/\",\"name\":\"Molo Longo Villas &amp; Vacation Homes\",\"description\":\"Villas &amp; Vacation Homes\",\"publisher\":{\"@id\":\"https:\/\/mololongo.com\/villas\/#organization\"},\"potentialAction\":[{\"@type\":\"SearchAction\",\"target\":{\"@type\":\"EntryPoint\",\"urlTemplate\":\"https:\/\/mololongo.com\/villas\/?s={search_term_string}\"},\"query-input\":{\"@type\":\"PropertyValueSpecification\",\"valueRequired\":true,\"valueName\":\"search_term_string\"}}],\"inLanguage\":\"it-IT\"},{\"@type\":\"Organization\",\"@id\":\"https:\/\/mololongo.com\/villas\/#organization\",\"name\":\"Molo Longo Villas &amp; Vacation Homes\",\"url\":\"https:\/\/mololongo.com\/villas\/\",\"logo\":{\"@type\":\"ImageObject\",\"inLanguage\":\"it-IT\",\"@id\":\"https:\/\/mololongo.com\/villas\/#\/schema\/logo\/image\/\",\"url\":\"https:\/\/mololongo.com\/villas\/wp-content\/uploads\/2021\/10\/Mololongo-Logo-Villas.png\",\"contentUrl\":\"https:\/\/mololongo.com\/villas\/wp-content\/uploads\/2021\/10\/Mololongo-Logo-Villas.png\",\"width\":339,\"height\":129,\"caption\":\"Molo Longo Villas &amp; Vacation Homes\"},\"image\":{\"@id\":\"https:\/\/mololongo.com\/villas\/#\/schema\/logo\/image\/\"}}]}<\/script>\n<!-- \/ Yoast SEO plugin. -->","yoast_head_json":{"title":"Privacy e Politica dei cookie - Molo Longo Villas &amp; Vacation Homes","robots":{"index":"noindex","follow":"follow","max-snippet":"max-snippet:-1","max-image-preview":"max-image-preview:large","max-video-preview":"max-video-preview:-1"},"og_locale":"it_IT","og_type":"article","og_title":"Privacy e Politica dei cookie - Molo Longo Villas &amp; Vacation Homes","og_description":"Virtus upravljanje d.o.o. in veste di agenzia turistica con il marchio Molo Longo (in seguito nel testo: Molo Longo) si impegna a rispettare l\u2019anonimato e la privacy degli utenti del suo sito web. Molo Longo raccoglie solo i dati personali degli utenti che sono indispensabili ai fini dell\u2019adempito dei nostri obblighi e dello svolgimento delle [&hellip;]","og_url":"https:\/\/mololongo.com\/villas\/pravila-privatnosti\/","og_site_name":"Molo Longo Villas &amp; Vacation Homes","article_modified_time":"2024-02-01T08:04:26+00:00","twitter_card":"summary_large_image","twitter_misc":{"Est. reading time":"5 minuti"},"schema":{"@context":"https:\/\/schema.org","@graph":[{"@type":"WebPage","@id":"https:\/\/mololongo.com\/villas\/pravila-privatnosti\/","url":"https:\/\/mololongo.com\/villas\/pravila-privatnosti\/","name":"Privacy e Politica dei cookie - Molo Longo Villas &amp; Vacation Homes","isPartOf":{"@id":"https:\/\/mololongo.com\/villas\/#website"},"datePublished":"2020-08-09T10:48:26+00:00","dateModified":"2024-02-01T08:04:26+00:00","breadcrumb":{"@id":"https:\/\/mololongo.com\/villas\/pravila-privatnosti\/#breadcrumb"},"inLanguage":"it-IT","potentialAction":[{"@type":"ReadAction","target":["https:\/\/mololongo.com\/villas\/pravila-privatnosti\/"]}]},{"@type":"BreadcrumbList","@id":"https:\/\/mololongo.com\/villas\/pravila-privatnosti\/#breadcrumb","itemListElement":[{"@type":"ListItem","position":1,"name":"Po\u010detna stranica","item":"https:\/\/mololongo.com\/villas\/"},{"@type":"ListItem","position":2,"name":"Privacy e Politica dei cookie"}]},{"@type":"WebSite","@id":"https:\/\/mololongo.com\/villas\/#website","url":"https:\/\/mololongo.com\/villas\/","name":"Molo Longo Villas &amp; Vacation Homes","description":"Villas &amp; Vacation Homes","publisher":{"@id":"https:\/\/mololongo.com\/villas\/#organization"},"potentialAction":[{"@type":"SearchAction","target":{"@type":"EntryPoint","urlTemplate":"https:\/\/mololongo.com\/villas\/?s={search_term_string}"},"query-input":{"@type":"PropertyValueSpecification","valueRequired":true,"valueName":"search_term_string"}}],"inLanguage":"it-IT"},{"@type":"Organization","@id":"https:\/\/mololongo.com\/villas\/#organization","name":"Molo Longo Villas &amp; Vacation Homes","url":"https:\/\/mololongo.com\/villas\/","logo":{"@type":"ImageObject","inLanguage":"it-IT","@id":"https:\/\/mololongo.com\/villas\/#\/schema\/logo\/image\/","url":"https:\/\/mololongo.com\/villas\/wp-content\/uploads\/2021\/10\/Mololongo-Logo-Villas.png","contentUrl":"https:\/\/mololongo.com\/villas\/wp-content\/uploads\/2021\/10\/Mololongo-Logo-Villas.png","width":339,"height":129,"caption":"Molo Longo Villas &amp; Vacation Homes"},"image":{"@id":"https:\/\/mololongo.com\/villas\/#\/schema\/logo\/image\/"}}]}},"_links":{"self":[{"href":"https:\/\/mololongo.com\/villas\/it\/wp-json\/wp\/v2\/pages\/825082"}],"collection":[{"href":"https:\/\/mololongo.com\/villas\/it\/wp-json\/wp\/v2\/pages"}],"about":[{"href":"https:\/\/mololongo.com\/villas\/it\/wp-json\/wp\/v2\/types\/page"}],"author":[{"embeddable":true,"href":"https:\/\/mololongo.com\/villas\/it\/wp-json\/wp\/v2\/users\/1"}],"replies":[{"embeddable":true,"href":"https:\/\/mololongo.com\/villas\/it\/wp-json\/wp\/v2\/comments?post=825082"}],"version-history":[{"count":2,"href":"https:\/\/mololongo.com\/villas\/it\/wp-json\/wp\/v2\/pages\/825082\/revisions"}],"predecessor-version":[{"id":849381,"href":"https:\/\/mololongo.com\/villas\/it\/wp-json\/wp\/v2\/pages\/825082\/revisions\/849381"}],"wp:attachment":[{"href":"https:\/\/mololongo.com\/villas\/it\/wp-json\/wp\/v2\/media?parent=825082"}],"curies":[{"name":"wp","href":"https:\/\/api.w.org\/{rel}","templated":true}]}}