{"id":3,"date":"2020-08-09T12:48:26","date_gmt":"2020-08-09T10:48:26","guid":{"rendered":"https:\/\/mololongovillas.com\/?page_id=3"},"modified":"2024-02-01T09:00:55","modified_gmt":"2024-02-01T08:00:55","slug":"pravila-privatnosti","status":"publish","type":"page","link":"https:\/\/mololongo.com\/villas\/pravila-privatnosti\/","title":{"rendered":"Politika kola\u010di\u0107a i privatnost"},"content":{"rendered":"<p style=\"text-align: justify;\">Virtus upravljanje d.o.o. kao turisti\u010dka agencija s brandom Molo Longo (dalje u tekstu: Molo Longo) se obvezuje po\u0161tivati anonimnost i privatnost korisnika svoje web stranice. Molo Longo prikuplja samo one osobne podatke svojih klijenata koji su nu\u017eni za na\u0161e poslovanje i ispunjavanje na\u0161ih obaveza, pri tome ih \u0161tite\u0107i od svake neovla\u0161tene ili nezakonite obrade. Svoje klijente obavje\u0161tavamo o svrsi i na\u010dinu prikupljanja podataka te im uvijek omogu\u0107avamo izbor \u017eele li da njihove podatke upotrebljavamo u marketin\u0161ke svrhe ili da ih obri\u0161emo. U tu svrhu agencija Molo Longo u svom poslovanju primjenjuje Op\u0107u uredbu o za\u0161titi podataka te Zakon o provedbi Op\u0107e uredbe o za\u0161titi podataka.<\/p>\n<p style=\"text-align: justify;\"><strong>Obrada podataka<\/strong><\/p>\n<p style=\"text-align: justify;\">Obrada podataka na\u0161ih klijenata temelji sa na\u0161em legitimnom interesu da klijentima pru\u017eimo optimalne usluge i ostvarimo zadovoljavaju\u0107u produktivnost u suradnji s na\u0161im klijentima. Podatke od vas mo\u017eemo zatra\u017eiti kada rezervirate smje\u0161taj putem na\u0161e web stranice, pretplatite se na newsletter, ispunjavate upitnik i u drugim, sli\u010dnim slu\u010dajevima, kada su nam va\u0161i podaci potrebni radi ostvarenja svrhe prikupljanja i obrade podataka. U tim slu\u010dajevima, od vas mo\u017eemo zatra\u017eiti podatke o va\u0161em osobnom imenu, telefonskom broju, e-mail adresi i detaljima pla\u0107anja.<\/p>\n<p style=\"text-align: justify;\">Osobne i ostale nazna\u010dene podatke koje Molo Longo prikupi od svojih klijenata \u010duvati \u0107e u sigurnoj i za\u0161ti\u0107enoj bazi podataka i ti podatci ne\u0107e biti dostupni tre\u0107im stranama.<\/p>\n<p style=\"text-align: justify;\"><strong>Va\u0161a prava u obradi osobnih podataka<\/strong><\/p>\n<p style=\"text-align: justify;\">\u2013 pravo na privolu i povla\u010denje privole \u2013 ako se obrada podataka temelji na va\u0161oj privoli, imate pravo u svakom trenutku povu\u0107i prijavu dostavljanjem pisane obavijesti o povla\u010denju prijave na po\u0161tansku adresu agencije Molo Longo (Trpimirova 1A, 51 000 Rijeka) ili na e-mail adresu:<\/p>\n<p style=\"text-align: justify;\">villas@mololongo.com<\/p>\n<p style=\"text-align: justify;\">\u2013 pravo na pristup \u2013 pravo na informaciju obra\u0111ujemo li va\u0161e osobne podatke, na\u010dinu obrade, mjestu gdje su pohranjeni i sl.<\/p>\n<p style=\"text-align: justify;\">\u2013 pravo na brisanje \u2013 ako ste povukli prijavu ili ako va\u0161i podatci vi\u0161e nisu potrebni za svrhu obrade radi koje su prikupljani.<\/p>\n<p style=\"text-align: justify;\"><strong>Kola\u010di\u0107i i njihova svrha<\/strong><\/p>\n<p style=\"text-align: justify;\">Ova web stranica koristi kola\u010di\u0107e i sli\u010dne tehnologije kako bi osigurala da vam pru\u017eimo najbolju mogu\u0107u uslugu. Kola\u010di\u0107 je informacija spremljena na Va\u0161e ra\u010dunalo od strane web-stranice koju posjetite. Kola\u010di\u0107ima se obi\u010dno spremaju Va\u0161e postavke za web-stranicu, kao \u0161to su preferirani jezik korisni\u010dkog su\u010delja i sl. Klikom na \u201ePrihva\u0107am\u201c pristajete na obradu va\u0161ih podataka. Kola\u010di\u0107i se mogu koristiti kako bi se optimiziralo va\u0161e kori\u0161tenje na\u0161om web stranicom ili sa\u010duvale postavke va\u0161ih pregleda. Kola\u010di\u0107i nam poma\u017eu i kako bismo vam olak\u0161ali postupak rezervacije smje\u0161taja i prilagodili web stranicu va\u0161im potrebama.<\/p>\n<p style=\"text-align: justify;\"><strong>Kako onemogu\u0107iti kola\u010di\u0107e<\/strong><\/p>\n<p style=\"text-align: justify;\">U postavkama va\u0161eg preglednika regulirate ho\u0107ete li dopustiti pohranjivanje kola\u010di\u0107a na va\u0161em ra\u010dunalu ili ne. Ako onemogu\u0107ite kola\u010di\u0107e, onda ne\u0107ete mo\u0107i koristiti neke od funkcionalnosti ove web stranice. Ako na svome pregledniku niste isklju\u010dili mogu\u0107nost prikupljanja kola\u010di\u0107a, ova web stranica \u0107e ih automatski prikupljati. Na\u010din onemogu\u0107avanja kola\u010di\u0107a i povla\u010denje suglasnosti za njihovo prikupljanje ovisi o svakom pojedinom pregledniku.<\/p>\n<p style=\"text-align: justify;\"><strong>Vrste kola\u010di\u0107a<\/strong><\/p>\n<p style=\"text-align: justify;\">&#8211; privremeni (nu\u017eni) \u2013 privremeni kola\u010di\u0107i (engl. session cookies) uklanjaju se s ra\u010dunala po zatvaranju internetskog preglednika. Pomo\u0107u njih web-mjesta pohranjuju privremene podatke, poput identifikacije prijavljenog korisnika, aktivni su za vrijeme trajanja sesije prilikom rezervacije smje\u0161taja i sl.<\/p>\n<p style=\"text-align: justify;\">&#8211; izvedbeni \u2013 slu\u017ee pru\u017eatelju usluge za pra\u0107enje i analizu kori\u0161tenja web stranice. Molo Longo ove kola\u010di\u0107e koristi za izradu statistika o broju posjetitelja web stranice, na\u010dinu njezina kori\u0161tenja, za pra\u0107enje aktivnosti putem newsletter-a i sl. Slu\u017ee ostvarenju performansi koje se web stranicom \u017eele posti\u0107i, pobolj\u0161avaju funkcionalnost web stranice i time olak\u0161avaju njezinim slu\u017eenjem od strane korisnika. Ova vrsta kola\u010di\u0107a se trajno sprema u memoriji ra\u010dunala korisnika i bri\u0161u se tek kad isteknu ili njihovim namjernim uklanjanjem sa hard diska.<\/p>\n<p style=\"text-align: justify;\">&#8211; funkcionalni \u2013 slu\u017ee spremanju podataka iz kojih proizlaze navike, afiniteti i na\u010din kori\u0161tenja web stranicom od strane korisnika, poput jezika, lokacije, korisni\u010dkog imena i sl. Pomo\u0107u njih agencija Molo Longo personalizira kori\u0161tenje web stranicom prema svakom pojedinom korisniku. Ova vrsta kola\u010di\u0107a se trajno sprema u memoriji ra\u010dunala korisnika i bri\u0161u se tek kad isteknu ili njihovim namjernim uklanjanjem sa hard diska.<\/p>\n<p style=\"text-align: justify;\">&#8211; marketing kola\u010di\u0107i \u2013 slu\u017ee u svrhu prikupljana podataka kako se korisnik op\u0107enito pona\u0161a pri slu\u017eenju internetom (surfanju) te ih agencija Molo Longo mo\u017ee koristiti za nu\u0111enje relevantnih ponuda drugih ogla\u0161iva\u010da i radi ispunjavanja ugovornih obveza prema tre\u0107im stranama (npr. u slu\u010daju najma vozila putem web stranice agencije Molo Longo za ispunjavanje njezine obveze prema rent a car poduze\u0107u).<\/p>\n<p style=\"text-align: justify;\"><strong>Google Analytics<\/strong><\/p>\n<p style=\"text-align: justify;\">Google Analytics je softwerski alat kompanije Google Inc. koji slu\u017ei za pra\u0107enje i analiziranje prometa na web stranici. Za ostvarenje svojih funkcija Google Analytics koristi kola\u010di\u0107e koje smo prikupili prilikom va\u0161eg posjeta na\u0161oj web stranici. Podatke koje tim putem Google prikupi koriste se isklju\u010divo u svrhu analize prometa na na\u0161oj web stranici i u svakom pogledu su za\u0161ti\u0107eni od svake zlouporabe i nedozvoljenog dijeljenja. \u017delite li sprije\u010diti uporabu va\u0161ih podataka od strane alata Google Analytics, to mo\u017eete u\u010diniti posredno, onemogu\u0107avanjem kola\u010di\u0107a na na\u0161oj web stranici i njihovim brisanjem, i posredno, isklju\u010denjem opcije Google Analytics putem zasebnog kola\u010di\u0107a koji \u0107e vam biti vidljiv prilikom kori\u0161tenja na\u0161e web stranice.<\/p>\n<p style=\"text-align: justify;\"><strong>Druge web stranice<\/strong><\/p>\n<p style=\"text-align: justify;\">Ova web stranica sadr\u017ei poveznice na druge web stranice. Imatelji tih web stranica samostalno i neovisno o agenciji Molo Longo obra\u0111uju podatke svojih posjetitelja sukladno svojom pravilima obrade podataka. Sukladno navedenom, agencija Molo Longo ne\u0107e se smatrati odgovornom za podatke koje prikupljaju i koriste te web stranice.<\/p>\n<p style=\"text-align: justify;\"><strong>Kontakt<\/strong><\/p>\n<p style=\"text-align: justify;\">Sva pitanja vezana za za\u0161titu va\u0161e privatnosti i kori\u0161tenje va\u0161ih podataka mo\u017eete uputiti na e-mail adresu villas@mololongo.com ili po\u0161tom na adresu Trpimirova 1A, 51 000 Rijeka.<\/p>\n","protected":false},"excerpt":{"rendered":"<p>Virtus upravljanje d.o.o. kao turisti\u010dka agencija s brandom Molo Longo (dalje u tekstu: Molo Longo) se obvezuje po\u0161tivati anonimnost i privatnost korisnika svoje web stranice. Molo Longo prikuplja samo one osobne podatke svojih klijenata koji su nu\u017eni za na\u0161e poslovanje i ispunjavanje na\u0161ih obaveza, pri tome ih \u0161tite\u0107i od svake neovla\u0161tene ili nezakonite obrade. Svoje [&hellip;]<\/p>\n","protected":false},"author":1,"featured_media":0,"parent":0,"menu_order":39,"comment_status":"closed","ping_status":"closed","template":"page-templates\/simplepage.php","meta":{"footnotes":""},"yoast_head":"<!-- This site is optimized with the Yoast SEO plugin v23.4 - https:\/\/yoast.com\/wordpress\/plugins\/seo\/ -->\n<title>Politika kola\u010di\u0107a i privatnost - Molo Longo Villas &amp; Vacation Homes<\/title>\n<meta name=\"robots\" content=\"noindex, follow, max-snippet:-1, max-image-preview:large, max-video-preview:-1\" \/>\n<meta property=\"og:locale\" content=\"hr_HR\" \/>\n<meta property=\"og:type\" content=\"article\" \/>\n<meta property=\"og:title\" content=\"Politika kola\u010di\u0107a i privatnost - Molo Longo Villas &amp; Vacation Homes\" \/>\n<meta property=\"og:description\" content=\"Virtus upravljanje d.o.o. kao turisti\u010dka agencija s brandom Molo Longo (dalje u tekstu: Molo Longo) se obvezuje po\u0161tivati anonimnost i privatnost korisnika svoje web stranice. Molo Longo prikuplja samo one osobne podatke svojih klijenata koji su nu\u017eni za na\u0161e poslovanje i ispunjavanje na\u0161ih obaveza, pri tome ih \u0161tite\u0107i od svake neovla\u0161tene ili nezakonite obrade. Svoje [&hellip;]\" \/>\n<meta property=\"og:url\" content=\"https:\/\/mololongo.com\/villas\/pravila-privatnosti\/\" \/>\n<meta property=\"og:site_name\" content=\"Molo Longo Villas &amp; Vacation Homes\" \/>\n<meta property=\"article:modified_time\" content=\"2024-02-01T08:00:55+00:00\" \/>\n<meta name=\"twitter:card\" content=\"summary_large_image\" \/>\n<meta name=\"twitter:label1\" content=\"Procijenjeno vrijeme \u010ditanja\" \/>\n\t<meta name=\"twitter:data1\" content=\"5 minuta\" \/>\n<script type=\"application\/ld+json\" class=\"yoast-schema-graph\">{\"@context\":\"https:\/\/schema.org\",\"@graph\":[{\"@type\":\"WebPage\",\"@id\":\"https:\/\/mololongo.com\/villas\/pravila-privatnosti\/\",\"url\":\"https:\/\/mololongo.com\/villas\/pravila-privatnosti\/\",\"name\":\"Politika kola\u010di\u0107a i privatnost - Molo Longo Villas &amp; Vacation Homes\",\"isPartOf\":{\"@id\":\"https:\/\/mololongo.com\/villas\/#website\"},\"datePublished\":\"2020-08-09T10:48:26+00:00\",\"dateModified\":\"2024-02-01T08:00:55+00:00\",\"breadcrumb\":{\"@id\":\"https:\/\/mololongo.com\/villas\/pravila-privatnosti\/#breadcrumb\"},\"inLanguage\":\"hr\",\"potentialAction\":[{\"@type\":\"ReadAction\",\"target\":[\"https:\/\/mololongo.com\/villas\/pravila-privatnosti\/\"]}]},{\"@type\":\"BreadcrumbList\",\"@id\":\"https:\/\/mololongo.com\/villas\/pravila-privatnosti\/#breadcrumb\",\"itemListElement\":[{\"@type\":\"ListItem\",\"position\":1,\"name\":\"Po\u010detna stranica\",\"item\":\"https:\/\/mololongo.com\/villas\/\"},{\"@type\":\"ListItem\",\"position\":2,\"name\":\"Politika kola\u010di\u0107a i privatnost\"}]},{\"@type\":\"WebSite\",\"@id\":\"https:\/\/mololongo.com\/villas\/#website\",\"url\":\"https:\/\/mololongo.com\/villas\/\",\"name\":\"Molo Longo Villas &amp; Vacation Homes\",\"description\":\"Villas &amp; Vacation Homes\",\"publisher\":{\"@id\":\"https:\/\/mololongo.com\/villas\/#organization\"},\"potentialAction\":[{\"@type\":\"SearchAction\",\"target\":{\"@type\":\"EntryPoint\",\"urlTemplate\":\"https:\/\/mololongo.com\/villas\/?s={search_term_string}\"},\"query-input\":{\"@type\":\"PropertyValueSpecification\",\"valueRequired\":true,\"valueName\":\"search_term_string\"}}],\"inLanguage\":\"hr\"},{\"@type\":\"Organization\",\"@id\":\"https:\/\/mololongo.com\/villas\/#organization\",\"name\":\"Molo Longo Villas &amp; Vacation Homes\",\"url\":\"https:\/\/mololongo.com\/villas\/\",\"logo\":{\"@type\":\"ImageObject\",\"inLanguage\":\"hr\",\"@id\":\"https:\/\/mololongo.com\/villas\/#\/schema\/logo\/image\/\",\"url\":\"https:\/\/mololongo.com\/villas\/wp-content\/uploads\/2021\/10\/Mololongo-Logo-Villas.png\",\"contentUrl\":\"https:\/\/mololongo.com\/villas\/wp-content\/uploads\/2021\/10\/Mololongo-Logo-Villas.png\",\"width\":339,\"height\":129,\"caption\":\"Molo Longo Villas &amp; Vacation Homes\"},\"image\":{\"@id\":\"https:\/\/mololongo.com\/villas\/#\/schema\/logo\/image\/\"}}]}<\/script>\n<!-- \/ Yoast SEO plugin. -->","yoast_head_json":{"title":"Politika kola\u010di\u0107a i privatnost - Molo Longo Villas &amp; Vacation Homes","robots":{"index":"noindex","follow":"follow","max-snippet":"max-snippet:-1","max-image-preview":"max-image-preview:large","max-video-preview":"max-video-preview:-1"},"og_locale":"hr_HR","og_type":"article","og_title":"Politika kola\u010di\u0107a i privatnost - Molo Longo Villas &amp; Vacation Homes","og_description":"Virtus upravljanje d.o.o. kao turisti\u010dka agencija s brandom Molo Longo (dalje u tekstu: Molo Longo) se obvezuje po\u0161tivati anonimnost i privatnost korisnika svoje web stranice. Molo Longo prikuplja samo one osobne podatke svojih klijenata koji su nu\u017eni za na\u0161e poslovanje i ispunjavanje na\u0161ih obaveza, pri tome ih \u0161tite\u0107i od svake neovla\u0161tene ili nezakonite obrade. Svoje [&hellip;]","og_url":"https:\/\/mololongo.com\/villas\/pravila-privatnosti\/","og_site_name":"Molo Longo Villas &amp; Vacation Homes","article_modified_time":"2024-02-01T08:00:55+00:00","twitter_card":"summary_large_image","twitter_misc":{"Procijenjeno vrijeme \u010ditanja":"5 minuta"},"schema":{"@context":"https:\/\/schema.org","@graph":[{"@type":"WebPage","@id":"https:\/\/mololongo.com\/villas\/pravila-privatnosti\/","url":"https:\/\/mololongo.com\/villas\/pravila-privatnosti\/","name":"Politika kola\u010di\u0107a i privatnost - Molo Longo Villas &amp; Vacation Homes","isPartOf":{"@id":"https:\/\/mololongo.com\/villas\/#website"},"datePublished":"2020-08-09T10:48:26+00:00","dateModified":"2024-02-01T08:00:55+00:00","breadcrumb":{"@id":"https:\/\/mololongo.com\/villas\/pravila-privatnosti\/#breadcrumb"},"inLanguage":"hr","potentialAction":[{"@type":"ReadAction","target":["https:\/\/mololongo.com\/villas\/pravila-privatnosti\/"]}]},{"@type":"BreadcrumbList","@id":"https:\/\/mololongo.com\/villas\/pravila-privatnosti\/#breadcrumb","itemListElement":[{"@type":"ListItem","position":1,"name":"Po\u010detna stranica","item":"https:\/\/mololongo.com\/villas\/"},{"@type":"ListItem","position":2,"name":"Politika kola\u010di\u0107a i privatnost"}]},{"@type":"WebSite","@id":"https:\/\/mololongo.com\/villas\/#website","url":"https:\/\/mololongo.com\/villas\/","name":"Molo Longo Villas &amp; Vacation Homes","description":"Villas &amp; Vacation Homes","publisher":{"@id":"https:\/\/mololongo.com\/villas\/#organization"},"potentialAction":[{"@type":"SearchAction","target":{"@type":"EntryPoint","urlTemplate":"https:\/\/mololongo.com\/villas\/?s={search_term_string}"},"query-input":{"@type":"PropertyValueSpecification","valueRequired":true,"valueName":"search_term_string"}}],"inLanguage":"hr"},{"@type":"Organization","@id":"https:\/\/mololongo.com\/villas\/#organization","name":"Molo Longo Villas &amp; Vacation Homes","url":"https:\/\/mololongo.com\/villas\/","logo":{"@type":"ImageObject","inLanguage":"hr","@id":"https:\/\/mololongo.com\/villas\/#\/schema\/logo\/image\/","url":"https:\/\/mololongo.com\/villas\/wp-content\/uploads\/2021\/10\/Mololongo-Logo-Villas.png","contentUrl":"https:\/\/mololongo.com\/villas\/wp-content\/uploads\/2021\/10\/Mololongo-Logo-Villas.png","width":339,"height":129,"caption":"Molo Longo Villas &amp; Vacation Homes"},"image":{"@id":"https:\/\/mololongo.com\/villas\/#\/schema\/logo\/image\/"}}]}},"_links":{"self":[{"href":"https:\/\/mololongo.com\/villas\/wp-json\/wp\/v2\/pages\/3"}],"collection":[{"href":"https:\/\/mololongo.com\/villas\/wp-json\/wp\/v2\/pages"}],"about":[{"href":"https:\/\/mololongo.com\/villas\/wp-json\/wp\/v2\/types\/page"}],"author":[{"embeddable":true,"href":"https:\/\/mololongo.com\/villas\/wp-json\/wp\/v2\/users\/1"}],"replies":[{"embeddable":true,"href":"https:\/\/mololongo.com\/villas\/wp-json\/wp\/v2\/comments?post=3"}],"version-history":[{"count":3,"href":"https:\/\/mololongo.com\/villas\/wp-json\/wp\/v2\/pages\/3\/revisions"}],"predecessor-version":[{"id":849378,"href":"https:\/\/mololongo.com\/villas\/wp-json\/wp\/v2\/pages\/3\/revisions\/849378"}],"wp:attachment":[{"href":"https:\/\/mololongo.com\/villas\/wp-json\/wp\/v2\/media?parent=3"}],"curies":[{"name":"wp","href":"https:\/\/api.w.org\/{rel}","templated":true}]}}