{"id":31,"date":"2020-08-23T12:31:26","date_gmt":"2020-08-23T10:31:26","guid":{"rendered":"https:\/\/mololongovillas.com\/?page_id=31"},"modified":"2023-09-25T17:52:58","modified_gmt":"2023-09-25T15:52:58","slug":"kontaktirajte-nas","status":"publish","type":"page","link":"https:\/\/mololongo.com\/villas\/kontaktirajte-nas\/","title":{"rendered":"Kontaktirajte nas"},"content":{"rendered":"\n<div class=\"wpcf7 no-js\" id=\"wpcf7-f824688-o1\" lang=\"hr\" dir=\"ltr\">\n<div class=\"screen-reader-response\"><p role=\"status\" aria-live=\"polite\" aria-atomic=\"true\"><\/p> <ul><\/ul><\/div>\n<form action=\"\/villas\/wp-json\/wp\/v2\/pages\/31#wpcf7-f824688-o1\" method=\"post\" class=\"wpcf7-form init\" aria-label=\"Kontakt obrazac\" novalidate=\"novalidate\" data-status=\"init\">\n<div style=\"display: none;\">\n<input type=\"hidden\" name=\"_wpcf7\" value=\"824688\" \/>\n<input type=\"hidden\" name=\"_wpcf7_version\" value=\"5.9.8\" \/>\n<input type=\"hidden\" name=\"_wpcf7_locale\" value=\"hr\" \/>\n<input type=\"hidden\" name=\"_wpcf7_unit_tag\" value=\"wpcf7-f824688-o1\" \/>\n<input type=\"hidden\" name=\"_wpcf7_container_post\" value=\"0\" \/>\n<input type=\"hidden\" name=\"_wpcf7_posted_data_hash\" value=\"\" \/>\n<input type=\"hidden\" name=\"_wpcf7dtx_version\" value=\"5.0.3\" \/>\n<\/div>\n<div class=\"row\">\n\t<div class=\"col-md-6\">\n\t\t<p><label> Ime i prezime<br \/>\n<span class=\"wpcf7-form-control-wrap\" data-name=\"your-name\"><input size=\"40\" maxlength=\"400\" class=\"wpcf7-form-control wpcf7-text wpcf7-validates-as-required\" aria-required=\"true\" aria-invalid=\"false\" placeholder=\"Ime\" value=\"\" type=\"text\" name=\"your-name\" \/><\/span> <\/label>\n\t\t<\/p>\n\t<\/div>\n\t<div class=\"col-md-6\">\n\t\t<p><label> E-mail<br \/>\n<span class=\"wpcf7-form-control-wrap\" data-name=\"your-email\"><input size=\"40\" maxlength=\"400\" class=\"wpcf7-form-control wpcf7-email wpcf7-validates-as-required wpcf7-text wpcf7-validates-as-email\" aria-required=\"true\" aria-invalid=\"false\" placeholder=\"E-mail\" value=\"\" type=\"email\" name=\"your-email\" \/><\/span> <\/label>\n\t\t<\/p>\n\t<\/div>\n\t<div class=\"col-md-6\">\n\t\t<p><label> Telefon<br \/>\n<span class=\"wpcf7-form-control-wrap\" data-name=\"your-tel\"><input size=\"40\" maxlength=\"400\" class=\"wpcf7-form-control wpcf7-text\" aria-invalid=\"false\" placeholder=\"Telefon\" value=\"\" type=\"text\" name=\"your-tel\" \/><\/span> <\/label>\n\t\t<\/p>\n\t<\/div>\n\t<div class=\"col-md-6\">\n\t\t<p><label> Ime objekta<br \/>\n<span class=\"wpcf7-form-control-wrap\" data-name=\"your-objekt\"><input size=\"40\" maxlength=\"400\" class=\"wpcf7-form-control wpcf7-text\" aria-invalid=\"false\" placeholder=\"Ime objekta\" value=\"\" type=\"text\" name=\"your-objekt\" \/><\/span> <\/label>\n\t\t<\/p>\n\t<\/div>\n\t<div class=\"col-md-12\">\n\t\t<p><label> Poruka<br \/>\n<span class=\"wpcf7-form-control-wrap\" data-name=\"your-poruka\"><textarea cols=\"40\" rows=\"10\" maxlength=\"2000\" class=\"wpcf7-form-control wpcf7-textarea\" aria-invalid=\"false\" placeholder=\"Poruka\" name=\"your-poruka\"><\/textarea><\/span> <\/label><br \/>\n<input class=\"wpcf7-form-control wpcf7-submit has-spinner\" type=\"submit\" value=\"Po\u0161alji\" \/>\n\t\t<\/p>\n\t<\/div>\n<\/div><div class=\"wpcf7-response-output\" aria-hidden=\"true\"><\/div>\n<\/form>\n<\/div>\n\n","protected":false},"excerpt":{"rendered":"","protected":false},"author":1,"featured_media":849119,"parent":0,"menu_order":23,"comment_status":"closed","ping_status":"closed","template":"page-templates\/contact.php","meta":{"footnotes":""},"yoast_head":"<!-- This site is optimized with the Yoast SEO plugin v23.4 - https:\/\/yoast.com\/wordpress\/plugins\/seo\/ -->\n<title>Kontaktirajte nas - Molo Longo Villas &amp; Vacation Homes<\/title>\n<meta name=\"description\" content=\"Imate pitanja u vezi rezervacije villa ili njihove dostupnosti? Kontaktirajte nas i odgovorit \u0107emo vam u najkra\u0107em mogu\u0107em roku.\" \/>\n<meta name=\"robots\" content=\"noindex, follow, max-snippet:-1, max-image-preview:large, max-video-preview:-1\" \/>\n<meta property=\"og:locale\" content=\"hr_HR\" \/>\n<meta property=\"og:type\" content=\"article\" \/>\n<meta property=\"og:title\" content=\"Kontaktirajte nas - Molo Longo Villas &amp; Vacation Homes\" \/>\n<meta property=\"og:description\" content=\"Imate pitanja u vezi rezervacije villa ili njihove dostupnosti? Kontaktirajte nas i odgovorit \u0107emo vam u najkra\u0107em mogu\u0107em roku.\" \/>\n<meta property=\"og:url\" content=\"https:\/\/mololongo.com\/villas\/kontaktirajte-nas\/\" \/>\n<meta property=\"og:site_name\" content=\"Molo Longo Villas &amp; Vacation Homes\" \/>\n<meta property=\"article:modified_time\" content=\"2023-09-25T15:52:58+00:00\" \/>\n<meta property=\"og:image\" content=\"https:\/\/mololongo.com\/villas\/wp-content\/uploads\/2023\/06\/kontakt.jpg\" \/>\n\t<meta property=\"og:image:width\" content=\"1920\" \/>\n\t<meta property=\"og:image:height\" content=\"1280\" \/>\n\t<meta property=\"og:image:type\" content=\"image\/jpeg\" \/>\n<meta name=\"twitter:card\" content=\"summary_large_image\" \/>\n<meta name=\"twitter:label1\" content=\"Procijenjeno vrijeme \u010ditanja\" \/>\n\t<meta name=\"twitter:data1\" content=\"1 minuta\" \/>\n<script type=\"application\/ld+json\" class=\"yoast-schema-graph\">{\"@context\":\"https:\/\/schema.org\",\"@graph\":[{\"@type\":\"WebPage\",\"@id\":\"https:\/\/mololongo.com\/villas\/kontaktirajte-nas\/\",\"url\":\"https:\/\/mololongo.com\/villas\/kontaktirajte-nas\/\",\"name\":\"Kontaktirajte nas - Molo Longo Villas &amp; Vacation Homes\",\"isPartOf\":{\"@id\":\"https:\/\/mololongo.com\/villas\/#website\"},\"primaryImageOfPage\":{\"@id\":\"https:\/\/mololongo.com\/villas\/kontaktirajte-nas\/#primaryimage\"},\"image\":{\"@id\":\"https:\/\/mololongo.com\/villas\/kontaktirajte-nas\/#primaryimage\"},\"thumbnailUrl\":\"https:\/\/mololongo.com\/villas\/wp-content\/uploads\/2023\/06\/kontakt.jpg\",\"datePublished\":\"2020-08-23T10:31:26+00:00\",\"dateModified\":\"2023-09-25T15:52:58+00:00\",\"description\":\"Imate pitanja u vezi rezervacije villa ili njihove dostupnosti? Kontaktirajte nas i odgovorit \u0107emo vam u najkra\u0107em mogu\u0107em roku.\",\"breadcrumb\":{\"@id\":\"https:\/\/mololongo.com\/villas\/kontaktirajte-nas\/#breadcrumb\"},\"inLanguage\":\"hr\",\"potentialAction\":[{\"@type\":\"ReadAction\",\"target\":[\"https:\/\/mololongo.com\/villas\/kontaktirajte-nas\/\"]}]},{\"@type\":\"ImageObject\",\"inLanguage\":\"hr\",\"@id\":\"https:\/\/mololongo.com\/villas\/kontaktirajte-nas\/#primaryimage\",\"url\":\"https:\/\/mololongo.com\/villas\/wp-content\/uploads\/2023\/06\/kontakt.jpg\",\"contentUrl\":\"https:\/\/mololongo.com\/villas\/wp-content\/uploads\/2023\/06\/kontakt.jpg\",\"width\":1920,\"height\":1280},{\"@type\":\"BreadcrumbList\",\"@id\":\"https:\/\/mololongo.com\/villas\/kontaktirajte-nas\/#breadcrumb\",\"itemListElement\":[{\"@type\":\"ListItem\",\"position\":1,\"name\":\"Po\u010detna stranica\",\"item\":\"https:\/\/mololongo.com\/villas\/\"},{\"@type\":\"ListItem\",\"position\":2,\"name\":\"Kontaktirajte nas\"}]},{\"@type\":\"WebSite\",\"@id\":\"https:\/\/mololongo.com\/villas\/#website\",\"url\":\"https:\/\/mololongo.com\/villas\/\",\"name\":\"Molo Longo Villas &amp; Vacation Homes\",\"description\":\"Villas &amp; Vacation Homes\",\"publisher\":{\"@id\":\"https:\/\/mololongo.com\/villas\/#organization\"},\"potentialAction\":[{\"@type\":\"SearchAction\",\"target\":{\"@type\":\"EntryPoint\",\"urlTemplate\":\"https:\/\/mololongo.com\/villas\/?s={search_term_string}\"},\"query-input\":{\"@type\":\"PropertyValueSpecification\",\"valueRequired\":true,\"valueName\":\"search_term_string\"}}],\"inLanguage\":\"hr\"},{\"@type\":\"Organization\",\"@id\":\"https:\/\/mololongo.com\/villas\/#organization\",\"name\":\"Molo Longo Villas &amp; Vacation Homes\",\"url\":\"https:\/\/mololongo.com\/villas\/\",\"logo\":{\"@type\":\"ImageObject\",\"inLanguage\":\"hr\",\"@id\":\"https:\/\/mololongo.com\/villas\/#\/schema\/logo\/image\/\",\"url\":\"https:\/\/mololongo.com\/villas\/wp-content\/uploads\/2021\/10\/Mololongo-Logo-Villas.png\",\"contentUrl\":\"https:\/\/mololongo.com\/villas\/wp-content\/uploads\/2021\/10\/Mololongo-Logo-Villas.png\",\"width\":339,\"height\":129,\"caption\":\"Molo Longo Villas &amp; Vacation Homes\"},\"image\":{\"@id\":\"https:\/\/mololongo.com\/villas\/#\/schema\/logo\/image\/\"}}]}<\/script>\n<!-- \/ Yoast SEO plugin. -->","yoast_head_json":{"title":"Kontaktirajte nas - Molo Longo Villas &amp; Vacation Homes","description":"Imate pitanja u vezi rezervacije villa ili njihove dostupnosti? Kontaktirajte nas i odgovorit \u0107emo vam u najkra\u0107em mogu\u0107em roku.","robots":{"index":"noindex","follow":"follow","max-snippet":"max-snippet:-1","max-image-preview":"max-image-preview:large","max-video-preview":"max-video-preview:-1"},"og_locale":"hr_HR","og_type":"article","og_title":"Kontaktirajte nas - Molo Longo Villas &amp; Vacation Homes","og_description":"Imate pitanja u vezi rezervacije villa ili njihove dostupnosti? Kontaktirajte nas i odgovorit \u0107emo vam u najkra\u0107em mogu\u0107em roku.","og_url":"https:\/\/mololongo.com\/villas\/kontaktirajte-nas\/","og_site_name":"Molo Longo Villas &amp; Vacation Homes","article_modified_time":"2023-09-25T15:52:58+00:00","og_image":[{"width":1920,"height":1280,"url":"https:\/\/mololongo.com\/villas\/wp-content\/uploads\/2023\/06\/kontakt.jpg","type":"image\/jpeg"}],"twitter_card":"summary_large_image","twitter_misc":{"Procijenjeno vrijeme \u010ditanja":"1 minuta"},"schema":{"@context":"https:\/\/schema.org","@graph":[{"@type":"WebPage","@id":"https:\/\/mololongo.com\/villas\/kontaktirajte-nas\/","url":"https:\/\/mololongo.com\/villas\/kontaktirajte-nas\/","name":"Kontaktirajte nas - Molo Longo Villas &amp; Vacation Homes","isPartOf":{"@id":"https:\/\/mololongo.com\/villas\/#website"},"primaryImageOfPage":{"@id":"https:\/\/mololongo.com\/villas\/kontaktirajte-nas\/#primaryimage"},"image":{"@id":"https:\/\/mololongo.com\/villas\/kontaktirajte-nas\/#primaryimage"},"thumbnailUrl":"https:\/\/mololongo.com\/villas\/wp-content\/uploads\/2023\/06\/kontakt.jpg","datePublished":"2020-08-23T10:31:26+00:00","dateModified":"2023-09-25T15:52:58+00:00","description":"Imate pitanja u vezi rezervacije villa ili njihove dostupnosti? Kontaktirajte nas i odgovorit \u0107emo vam u najkra\u0107em mogu\u0107em roku.","breadcrumb":{"@id":"https:\/\/mololongo.com\/villas\/kontaktirajte-nas\/#breadcrumb"},"inLanguage":"hr","potentialAction":[{"@type":"ReadAction","target":["https:\/\/mololongo.com\/villas\/kontaktirajte-nas\/"]}]},{"@type":"ImageObject","inLanguage":"hr","@id":"https:\/\/mololongo.com\/villas\/kontaktirajte-nas\/#primaryimage","url":"https:\/\/mololongo.com\/villas\/wp-content\/uploads\/2023\/06\/kontakt.jpg","contentUrl":"https:\/\/mololongo.com\/villas\/wp-content\/uploads\/2023\/06\/kontakt.jpg","width":1920,"height":1280},{"@type":"BreadcrumbList","@id":"https:\/\/mololongo.com\/villas\/kontaktirajte-nas\/#breadcrumb","itemListElement":[{"@type":"ListItem","position":1,"name":"Po\u010detna stranica","item":"https:\/\/mololongo.com\/villas\/"},{"@type":"ListItem","position":2,"name":"Kontaktirajte nas"}]},{"@type":"WebSite","@id":"https:\/\/mololongo.com\/villas\/#website","url":"https:\/\/mololongo.com\/villas\/","name":"Molo Longo Villas &amp; Vacation Homes","description":"Villas &amp; Vacation Homes","publisher":{"@id":"https:\/\/mololongo.com\/villas\/#organization"},"potentialAction":[{"@type":"SearchAction","target":{"@type":"EntryPoint","urlTemplate":"https:\/\/mololongo.com\/villas\/?s={search_term_string}"},"query-input":{"@type":"PropertyValueSpecification","valueRequired":true,"valueName":"search_term_string"}}],"inLanguage":"hr"},{"@type":"Organization","@id":"https:\/\/mololongo.com\/villas\/#organization","name":"Molo Longo Villas &amp; Vacation Homes","url":"https:\/\/mololongo.com\/villas\/","logo":{"@type":"ImageObject","inLanguage":"hr","@id":"https:\/\/mololongo.com\/villas\/#\/schema\/logo\/image\/","url":"https:\/\/mololongo.com\/villas\/wp-content\/uploads\/2021\/10\/Mololongo-Logo-Villas.png","contentUrl":"https:\/\/mololongo.com\/villas\/wp-content\/uploads\/2021\/10\/Mololongo-Logo-Villas.png","width":339,"height":129,"caption":"Molo Longo Villas &amp; Vacation Homes"},"image":{"@id":"https:\/\/mololongo.com\/villas\/#\/schema\/logo\/image\/"}}]}},"_links":{"self":[{"href":"https:\/\/mololongo.com\/villas\/wp-json\/wp\/v2\/pages\/31"}],"collection":[{"href":"https:\/\/mololongo.com\/villas\/wp-json\/wp\/v2\/pages"}],"about":[{"href":"https:\/\/mololongo.com\/villas\/wp-json\/wp\/v2\/types\/page"}],"author":[{"embeddable":true,"href":"https:\/\/mololongo.com\/villas\/wp-json\/wp\/v2\/users\/1"}],"replies":[{"embeddable":true,"href":"https:\/\/mololongo.com\/villas\/wp-json\/wp\/v2\/comments?post=31"}],"version-history":[{"count":2,"href":"https:\/\/mololongo.com\/villas\/wp-json\/wp\/v2\/pages\/31\/revisions"}],"predecessor-version":[{"id":849227,"href":"https:\/\/mololongo.com\/villas\/wp-json\/wp\/v2\/pages\/31\/revisions\/849227"}],"wp:featuredmedia":[{"embeddable":true,"href":"https:\/\/mololongo.com\/villas\/wp-json\/wp\/v2\/media\/849119"}],"wp:attachment":[{"href":"https:\/\/mololongo.com\/villas\/wp-json\/wp\/v2\/media?parent=31"}],"curies":[{"name":"wp","href":"https:\/\/api.w.org\/{rel}","templated":true}]}}