{"id":824624,"date":"2021-01-02T13:07:08","date_gmt":"2021-01-02T12:07:08","guid":{"rendered":"https:\/\/mololongovillas.com\/?page_id=824624"},"modified":"2023-10-20T10:58:10","modified_gmt":"2023-10-20T08:58:10","slug":"metode-placanja","status":"publish","type":"page","link":"https:\/\/mololongo.com\/villas\/metode-placanja\/","title":{"rendered":"Metode pla\u0107anja"},"content":{"rendered":"<p style=\"text-align: justify;\"><strong>METODE PLA\u0106ANJA<\/strong><\/p>\n<p style=\"text-align: justify;\"><u>Molimo odaberite metodu pla\u0107anja za akontaciju od 30% od ukupne cijene smje\u0161taja:<\/u><\/p>\n<ul style=\"text-align: justify;\" class=\"simple-list\">\n<li>pla\u0107anje putem kreditne kartice (mogu\u0107e putem Maestro, Master Card, Visa i Discovery bankovnih kartica)<\/li>\n<li>pla\u0107anje putem bankovne transakcije (uz primitak uplate u roku od 3 (tri) radna dana)<\/li>\n<\/ul>\n<p style=\"text-align: justify;\"><u>Za pla\u0107anje preostalog iznosa od 70% od ukupne cijene smje\u0161taja odaberite metodu pla\u0107anja:<\/u><\/p>\n<ul style=\"text-align: justify;\">\n<li>pla\u0107anje putem kreditne kartice (mogu\u0107e putem Maestro, Master Card, Visa i Discovery bankovnih kartica)<\/li>\n<li>pla\u0107anje u gotovini pri dolasku u vilu (u nekim vilama ova mogu\u0107nost mo\u017ee biti isklju\u010dena)<\/li>\n<\/ul>\n<p style=\"text-align: justify;\">Molimo uzmite u obzir da ako pla\u0107anje akontacije vr\u0161ite putem kreditne kartice, va\u0161a rezervacija je automatski osigurana te \u0107ete na web stranici i putem e-maila zaprimiti potvrdu o rezervaciji.<\/p>\n<p style=\"text-align: justify;\">Ako ste za pla\u0107anje akontacije odabrali bankovnu transakciju na Va\u0161u e-mail adresu zaprimit \u0107ete obavijest o rezervaciji s detaljima rezerviranog termina i uputama za nastavak rezervacije. Za dovr\u0161etak rezervacije bit \u0107e potrebno slijediti upute iz zaprimljene obavijesti i potom potvrditi rezervaciju. Nakon toga \u0107ete zaprimiti detalje o pla\u0107anju. Pla\u0107anje \u0107ete morati u\u010diniti u idu\u0107ih nekoliko dana kako bismo mi mogli zaprimiti uplatu u roku od 3 (tri) radna dana. Ako nakon proteka navedenog roka nismo zaprimili Va\u0161u uplatu Va\u0161a \u0107e rezervacija biti otkazana. Bankovna transakcija mo\u017eda ne\u0107e biti mogu\u0107a ako je do Va\u0161eg dolaska preostalo manje od 30 dana.<\/p>\n<p style=\"text-align: justify;\">Sve cijene uklju\u010duju PDV i turisti\u010dke naknade za sve \u010dlanove Va\u0161eg dru\u0161tva.<\/p>\n<p style=\"text-align: justify;\"><u>PLA\u0106ANJE INOZEMNOM KREDITNOM KARTICOM<\/u><\/p>\n<p style=\"text-align: justify;\">Iznos koji \u0107e Vam biti napla\u0107en bit \u0107e u eurima (EUR). Ako na Va\u0161oj kartici posjedujete novac u drugoj valuti, konverzija u eure bit \u0107e izvr\u0161ena prema te\u010daju Va\u0161e kompanije. Kao rezultat konverzije mogu\u0107a su mala odstupanja izme\u0111u cijene nazna\u010dene na na\u0161oj web stranici i one koja Vam je napla\u0107ena. Agencija Molo Longo se ne\u0107e smatrati odgovornom za bilo kakve razlike u cijenama koje su rezultat konverzije valuta.<\/p>\n<p style=\"text-align: justify;\"><u>POTVRDA<\/u><\/p>\n<p style=\"text-align: justify;\">Kada je online pla\u0107anje izvr\u0161eno, putem Va\u0161eg e-maila zaprimit \u0107ete potvrdu o pla\u0107anju.<\/p>\n<p style=\"text-align: justify;\">Uvjeti otkaza<\/p>\n<p style=\"text-align: justify;\">\u017delite li otkazati svoje pla\u0107anje molimo da nas kontaktirate pisanim putem na e-mail adresu <a href=\"mailto:villas@mololongo.com\">villas@mololongo.com<\/a> i objasnite nam razloge Va\u0161eg otkazivanja.<\/p>\n","protected":false},"excerpt":{"rendered":"<p>METODE PLA\u0106ANJA Molimo odaberite metodu pla\u0107anja za akontaciju od 30% od ukupne cijene smje\u0161taja: pla\u0107anje putem kreditne kartice (mogu\u0107e putem Maestro, Master Card, Visa i Discovery bankovnih kartica) pla\u0107anje putem bankovne transakcije (uz primitak uplate u roku od 3 (tri) radna dana) Za pla\u0107anje preostalog iznosa od 70% od ukupne cijene smje\u0161taja odaberite metodu pla\u0107anja: [&hellip;]<\/p>\n","protected":false},"author":1,"featured_media":0,"parent":0,"menu_order":45,"comment_status":"closed","ping_status":"closed","template":"page-templates\/simplepage.php","meta":{"footnotes":""},"yoast_head":"<!-- This site is optimized with the Yoast SEO plugin v23.4 - https:\/\/yoast.com\/wordpress\/plugins\/seo\/ -->\n<title>Metode pla\u0107anja - Molo Longo Villas &amp; Vacation Homes<\/title>\n<meta name=\"robots\" content=\"noindex, follow, max-snippet:-1, max-image-preview:large, max-video-preview:-1\" \/>\n<meta property=\"og:locale\" content=\"hr_HR\" \/>\n<meta property=\"og:type\" content=\"article\" \/>\n<meta property=\"og:title\" content=\"Metode pla\u0107anja - Molo Longo Villas &amp; Vacation Homes\" \/>\n<meta property=\"og:description\" content=\"METODE PLA\u0106ANJA Molimo odaberite metodu pla\u0107anja za akontaciju od 30% od ukupne cijene smje\u0161taja: pla\u0107anje putem kreditne kartice (mogu\u0107e putem Maestro, Master Card, Visa i Discovery bankovnih kartica) pla\u0107anje putem bankovne transakcije (uz primitak uplate u roku od 3 (tri) radna dana) Za pla\u0107anje preostalog iznosa od 70% od ukupne cijene smje\u0161taja odaberite metodu pla\u0107anja: [&hellip;]\" \/>\n<meta property=\"og:url\" content=\"https:\/\/mololongo.com\/villas\/metode-placanja\/\" \/>\n<meta property=\"og:site_name\" content=\"Molo Longo Villas &amp; Vacation Homes\" \/>\n<meta property=\"article:modified_time\" content=\"2023-10-20T08:58:10+00:00\" \/>\n<meta name=\"twitter:card\" content=\"summary_large_image\" \/>\n<meta name=\"twitter:label1\" content=\"Procijenjeno vrijeme \u010ditanja\" \/>\n\t<meta name=\"twitter:data1\" content=\"2 minute\" \/>\n<script type=\"application\/ld+json\" class=\"yoast-schema-graph\">{\"@context\":\"https:\/\/schema.org\",\"@graph\":[{\"@type\":\"WebPage\",\"@id\":\"https:\/\/mololongo.com\/villas\/metode-placanja\/\",\"url\":\"https:\/\/mololongo.com\/villas\/metode-placanja\/\",\"name\":\"Metode pla\u0107anja - Molo Longo Villas &amp; Vacation Homes\",\"isPartOf\":{\"@id\":\"https:\/\/mololongo.com\/villas\/#website\"},\"datePublished\":\"2021-01-02T12:07:08+00:00\",\"dateModified\":\"2023-10-20T08:58:10+00:00\",\"breadcrumb\":{\"@id\":\"https:\/\/mololongo.com\/villas\/metode-placanja\/#breadcrumb\"},\"inLanguage\":\"hr\",\"potentialAction\":[{\"@type\":\"ReadAction\",\"target\":[\"https:\/\/mololongo.com\/villas\/metode-placanja\/\"]}]},{\"@type\":\"BreadcrumbList\",\"@id\":\"https:\/\/mololongo.com\/villas\/metode-placanja\/#breadcrumb\",\"itemListElement\":[{\"@type\":\"ListItem\",\"position\":1,\"name\":\"Po\u010detna stranica\",\"item\":\"https:\/\/mololongo.com\/villas\/\"},{\"@type\":\"ListItem\",\"position\":2,\"name\":\"Metode pla\u0107anja\"}]},{\"@type\":\"WebSite\",\"@id\":\"https:\/\/mololongo.com\/villas\/#website\",\"url\":\"https:\/\/mololongo.com\/villas\/\",\"name\":\"Molo Longo Villas &amp; Vacation Homes\",\"description\":\"Villas &amp; Vacation Homes\",\"publisher\":{\"@id\":\"https:\/\/mololongo.com\/villas\/#organization\"},\"potentialAction\":[{\"@type\":\"SearchAction\",\"target\":{\"@type\":\"EntryPoint\",\"urlTemplate\":\"https:\/\/mololongo.com\/villas\/?s={search_term_string}\"},\"query-input\":{\"@type\":\"PropertyValueSpecification\",\"valueRequired\":true,\"valueName\":\"search_term_string\"}}],\"inLanguage\":\"hr\"},{\"@type\":\"Organization\",\"@id\":\"https:\/\/mololongo.com\/villas\/#organization\",\"name\":\"Molo Longo Villas &amp; Vacation Homes\",\"url\":\"https:\/\/mololongo.com\/villas\/\",\"logo\":{\"@type\":\"ImageObject\",\"inLanguage\":\"hr\",\"@id\":\"https:\/\/mololongo.com\/villas\/#\/schema\/logo\/image\/\",\"url\":\"https:\/\/mololongo.com\/villas\/wp-content\/uploads\/2021\/10\/Mololongo-Logo-Villas.png\",\"contentUrl\":\"https:\/\/mololongo.com\/villas\/wp-content\/uploads\/2021\/10\/Mololongo-Logo-Villas.png\",\"width\":339,\"height\":129,\"caption\":\"Molo Longo Villas &amp; Vacation Homes\"},\"image\":{\"@id\":\"https:\/\/mololongo.com\/villas\/#\/schema\/logo\/image\/\"}}]}<\/script>\n<!-- \/ Yoast SEO plugin. -->","yoast_head_json":{"title":"Metode pla\u0107anja - Molo Longo Villas &amp; Vacation Homes","robots":{"index":"noindex","follow":"follow","max-snippet":"max-snippet:-1","max-image-preview":"max-image-preview:large","max-video-preview":"max-video-preview:-1"},"og_locale":"hr_HR","og_type":"article","og_title":"Metode pla\u0107anja - Molo Longo Villas &amp; Vacation Homes","og_description":"METODE PLA\u0106ANJA Molimo odaberite metodu pla\u0107anja za akontaciju od 30% od ukupne cijene smje\u0161taja: pla\u0107anje putem kreditne kartice (mogu\u0107e putem Maestro, Master Card, Visa i Discovery bankovnih kartica) pla\u0107anje putem bankovne transakcije (uz primitak uplate u roku od 3 (tri) radna dana) Za pla\u0107anje preostalog iznosa od 70% od ukupne cijene smje\u0161taja odaberite metodu pla\u0107anja: [&hellip;]","og_url":"https:\/\/mololongo.com\/villas\/metode-placanja\/","og_site_name":"Molo Longo Villas &amp; Vacation Homes","article_modified_time":"2023-10-20T08:58:10+00:00","twitter_card":"summary_large_image","twitter_misc":{"Procijenjeno vrijeme \u010ditanja":"2 minute"},"schema":{"@context":"https:\/\/schema.org","@graph":[{"@type":"WebPage","@id":"https:\/\/mololongo.com\/villas\/metode-placanja\/","url":"https:\/\/mololongo.com\/villas\/metode-placanja\/","name":"Metode pla\u0107anja - Molo Longo Villas &amp; Vacation Homes","isPartOf":{"@id":"https:\/\/mololongo.com\/villas\/#website"},"datePublished":"2021-01-02T12:07:08+00:00","dateModified":"2023-10-20T08:58:10+00:00","breadcrumb":{"@id":"https:\/\/mololongo.com\/villas\/metode-placanja\/#breadcrumb"},"inLanguage":"hr","potentialAction":[{"@type":"ReadAction","target":["https:\/\/mololongo.com\/villas\/metode-placanja\/"]}]},{"@type":"BreadcrumbList","@id":"https:\/\/mololongo.com\/villas\/metode-placanja\/#breadcrumb","itemListElement":[{"@type":"ListItem","position":1,"name":"Po\u010detna stranica","item":"https:\/\/mololongo.com\/villas\/"},{"@type":"ListItem","position":2,"name":"Metode pla\u0107anja"}]},{"@type":"WebSite","@id":"https:\/\/mololongo.com\/villas\/#website","url":"https:\/\/mololongo.com\/villas\/","name":"Molo Longo Villas &amp; Vacation Homes","description":"Villas &amp; Vacation Homes","publisher":{"@id":"https:\/\/mololongo.com\/villas\/#organization"},"potentialAction":[{"@type":"SearchAction","target":{"@type":"EntryPoint","urlTemplate":"https:\/\/mololongo.com\/villas\/?s={search_term_string}"},"query-input":{"@type":"PropertyValueSpecification","valueRequired":true,"valueName":"search_term_string"}}],"inLanguage":"hr"},{"@type":"Organization","@id":"https:\/\/mololongo.com\/villas\/#organization","name":"Molo Longo Villas &amp; Vacation Homes","url":"https:\/\/mololongo.com\/villas\/","logo":{"@type":"ImageObject","inLanguage":"hr","@id":"https:\/\/mololongo.com\/villas\/#\/schema\/logo\/image\/","url":"https:\/\/mololongo.com\/villas\/wp-content\/uploads\/2021\/10\/Mololongo-Logo-Villas.png","contentUrl":"https:\/\/mololongo.com\/villas\/wp-content\/uploads\/2021\/10\/Mololongo-Logo-Villas.png","width":339,"height":129,"caption":"Molo Longo Villas &amp; Vacation Homes"},"image":{"@id":"https:\/\/mololongo.com\/villas\/#\/schema\/logo\/image\/"}}]}},"_links":{"self":[{"href":"https:\/\/mololongo.com\/villas\/wp-json\/wp\/v2\/pages\/824624"}],"collection":[{"href":"https:\/\/mololongo.com\/villas\/wp-json\/wp\/v2\/pages"}],"about":[{"href":"https:\/\/mololongo.com\/villas\/wp-json\/wp\/v2\/types\/page"}],"author":[{"embeddable":true,"href":"https:\/\/mololongo.com\/villas\/wp-json\/wp\/v2\/users\/1"}],"replies":[{"embeddable":true,"href":"https:\/\/mololongo.com\/villas\/wp-json\/wp\/v2\/comments?post=824624"}],"version-history":[{"count":4,"href":"https:\/\/mololongo.com\/villas\/wp-json\/wp\/v2\/pages\/824624\/revisions"}],"predecessor-version":[{"id":849267,"href":"https:\/\/mololongo.com\/villas\/wp-json\/wp\/v2\/pages\/824624\/revisions\/849267"}],"wp:attachment":[{"href":"https:\/\/mololongo.com\/villas\/wp-json\/wp\/v2\/media?parent=824624"}],"curies":[{"name":"wp","href":"https:\/\/api.w.org\/{rel}","templated":true}]}}